{"id":2291,"date":"2026-03-24T15:36:58","date_gmt":"2026-03-24T14:36:58","guid":{"rendered":"http:\/\/www.villa-maria.info\/villa\/?page_id=2291"},"modified":"2026-03-26T13:46:10","modified_gmt":"2026-03-26T12:46:10","slug":"wohnung-xl-fuer-2-personen","status":"publish","type":"page","link":"http:\/\/www.villa-maria.info\/villa\/it\/wohnung-xl-fuer-2-personen\/","title":{"rendered":"Wohnung XL"},"content":{"rendered":"<p><\/strong><strong>La tua vacanza perfetta inizia qui:&nbsp; bilocale a Rabl\u00e0 !<\/strong><\/p>\n<p>Immagina: il sole ti sveglia dolcemente, un leggero profumo di caff\u00e8 appena fatto riempie l&#8217;aria. \u00c8 esattamente questa la sensazione di arrivo e benessere che ti aspetta in questo <strong>moderno e luminoso bilocale<\/strong> al primo piano. \u00c8 il rifugio ideale per <strong>due persone<\/strong> \u2013 che si tratti di una coppia innamorata o di una piccola famiglia \u2013 desiderose di lasciarsi alle spalle la quotidianit\u00e0 e vivere momenti indimenticabili a Rabl\u00e0.<\/p>\n<p>Il tuo accogliente rifugio temporaneo<\/p>\n<p>Entra e sentiti subito a casa: la <strong>spaziosa camera da letto<\/strong> con il suo comodo <strong>letto matrimoniale<\/strong> promette dolci sogni dopo giornate ricche di avventure. Nel <strong>soggiorno<\/strong> adiacente troverai non solo un&#8217;atmosfera rilassante, ma anche un astuto <strong>divano funzionale<\/strong> che all&#8217;occorrenza offre un&#8217;ulteriore accogliente possibilit\u00e0 di dormire. Perfetto per serate conviviali o una piacevole maratona cinematografica!<\/p>\n<p><strong>Piaceri culinari a portata di mano<\/strong><\/p>\n<p>L&#8217;amore passa per lo stomaco, e in questo appartamento ti piacer\u00e0 cucinare insieme! Il <strong>bellissimo angolo cottura completamente attrezzato<\/strong> \u00e8 perfettamente integrato nella zona giorno e non lascia nulla a desiderare. Da un <strong>frigorifero con congelatore<\/strong> e un <strong>piano cottura elettrico<\/strong> fino a piccoli ma raffinati dettagli come una <strong>macchina da caff\u00e8 Nespresso<\/strong> e un <strong>tostapane<\/strong> \u2013 qui si \u00e8 pensato a tutto, affinch\u00e9 tu possa sentirti a casa anche in vacanza.<\/p>\n<p><strong>Il tuo privato angolo di benessere<\/strong><\/p>\n<p>Il <strong>luminoso bagno<\/strong> \u00e8 una vera oasi di benessere. La moderna <strong>doccia con cabina in vetro<\/strong> invita a un momento di freschezza, mentre WC, bidet e lavabo completano il comfort.&nbsp;<\/p>\n<p><strong>Vista dal balcone e Rabl\u00e0 a portata di mano<\/strong><\/p>\n<p>E il meglio? Il tuo appartamento dispone di un <strong>balcone privato<\/strong>, dal quale potrai goderti l&#8217;affascinante vicinato e il pittoresco paesaggio di Rabl\u00e0. Un luogo ideale per il primo caff\u00e8 del mattino o per un rilassante fine giornata con un bicchiere di vino.<\/p>\n<p>Il vero punto di forza: il <strong>centro del paese \u00e8 raggiungibile comodamente in soli 2 minuti a piedi<\/strong>! L\u00ec ti aspetta un&#8217;eccellente selezione di servizi: da <strong>ristoranti e locali stellati<\/strong> per piaceri gastronomici speciali a accoglienti <strong>pizzerie e caff\u00e8<\/strong>, fino a un <strong>supermercato, un&#8217;enoteca, una farmacia e una macelleria<\/strong>. Tutto ci\u00f2 di cui hai bisogno per una vacanza perfetta \u00e8 direttamente a portata di mano.<\/p>\n<p>Questo appartamento \u00e8 pi\u00f9 di un semplice alloggio \u2013 \u00e8 il tuo rifugio personale per una vacanza indimenticabile a Rabl\u00e0, dove il comfort incontra una posizione perfetta!<\/p>\n<p>Inoltre, l&#8217;appartamento ha un parcheggio per la tua auto.<\/p>\n<p>Dati dell&#8217;alloggio:<\/p>\n<p>Soggiorno: 50 mq<\/p>\n<p>Soggiorno con angolo cottura: 1<\/p>\n<p>Camera da letto: 1<\/p>\n<p>Numero di posti letto: 2<\/p>\n<p>Numero di bagni: 1<\/p>\n<p><img fetchpriority=\"high\" decoding=\"async\" class=\"alignnone size-full wp-image-1595\" src=\"http:\/\/www.villa-maria.info\/villa\/wp-content\/uploads\/2023\/07\/Tisch-XL-scaled.jpg\" alt=\"\" width=\"1548\" height=\"2560\" srcset=\"http:\/\/www.villa-maria.info\/villa\/wp-content\/uploads\/2023\/07\/Tisch-XL-scaled.jpg 1548w, http:\/\/www.villa-maria.info\/villa\/wp-content\/uploads\/2023\/07\/Tisch-XL-181x300.jpg 181w, http:\/\/www.villa-maria.info\/villa\/wp-content\/uploads\/2023\/07\/Tisch-XL-619x1024.jpg 619w, http:\/\/www.villa-maria.info\/villa\/wp-content\/uploads\/2023\/07\/Tisch-XL-768x1270.jpg 768w, http:\/\/www.villa-maria.info\/villa\/wp-content\/uploads\/2023\/07\/Tisch-XL-929x1536.jpg 929w, http:\/\/www.villa-maria.info\/villa\/wp-content\/uploads\/2023\/07\/Tisch-XL-1238x2048.jpg 1238w\" sizes=\"(max-width: 767px) 89vw, (max-width: 1000px) 54vw, (max-width: 1071px) 543px, 580px\" \/><\/p>\n<p><img decoding=\"async\" class=\"alignnone size-full wp-image-1347\" src=\"http:\/\/www.villa-maria.info\/villa\/wp-content\/uploads\/2022\/06\/IMG_0536-2.jpeg\" alt=\"\" width=\"3024\" height=\"4032\" srcset=\"http:\/\/www.villa-maria.info\/villa\/wp-content\/uploads\/2022\/06\/IMG_0536-2.jpeg 3024w, http:\/\/www.villa-maria.info\/villa\/wp-content\/uploads\/2022\/06\/IMG_0536-2-225x300.jpeg 225w, http:\/\/www.villa-maria.info\/villa\/wp-content\/uploads\/2022\/06\/IMG_0536-2-768x1024.jpeg 768w\" sizes=\"(max-width: 767px) 89vw, (max-width: 1000px) 54vw, (max-width: 1071px) 543px, 580px\" \/><\/p>\n<p><img decoding=\"async\" class=\"alignnone size-full wp-image-1345\" src=\"http:\/\/www.villa-maria.info\/villa\/wp-content\/uploads\/2022\/06\/IMG_0544-2.jpeg\" alt=\"\" width=\"4032\" height=\"3024\" srcset=\"http:\/\/www.villa-maria.info\/villa\/wp-content\/uploads\/2022\/06\/IMG_0544-2.jpeg 4032w, http:\/\/www.villa-maria.info\/villa\/wp-content\/uploads\/2022\/06\/IMG_0544-2-300x225.jpeg 300w, http:\/\/www.villa-maria.info\/villa\/wp-content\/uploads\/2022\/06\/IMG_0544-2-768x576.jpeg 768w, http:\/\/www.villa-maria.info\/villa\/wp-content\/uploads\/2022\/06\/IMG_0544-2-1024x768.jpeg 1024w\" sizes=\"(max-width: 767px) 89vw, (max-width: 1000px) 54vw, (max-width: 1071px) 543px, 580px\" \/><\/p>\n<p><img loading=\"lazy\" decoding=\"async\" class=\"alignnone size-full wp-image-1594\" src=\"http:\/\/www.villa-maria.info\/villa\/wp-content\/uploads\/2023\/07\/Balkon2-scaled.jpg\" alt=\"\" width=\"2205\" height=\"2560\" srcset=\"http:\/\/www.villa-maria.info\/villa\/wp-content\/uploads\/2023\/07\/Balkon2-scaled.jpg 2205w, http:\/\/www.villa-maria.info\/villa\/wp-content\/uploads\/2023\/07\/Balkon2-258x300.jpg 258w, http:\/\/www.villa-maria.info\/villa\/wp-content\/uploads\/2023\/07\/Balkon2-882x1024.jpg 882w, http:\/\/www.villa-maria.info\/villa\/wp-content\/uploads\/2023\/07\/Balkon2-768x892.jpg 768w, http:\/\/www.villa-maria.info\/villa\/wp-content\/uploads\/2023\/07\/Balkon2-1323x1536.jpg 1323w, http:\/\/www.villa-maria.info\/villa\/wp-content\/uploads\/2023\/07\/Balkon2-1764x2048.jpg 1764w\" sizes=\"(max-width: 767px) 89vw, (max-width: 1000px) 54vw, (max-width: 1071px) 543px, 580px\" \/><\/p>\n<p>&nbsp;<\/p>\n<p><strong><\/p>\n","protected":false},"excerpt":{"rendered":"<p>La tua vacanza perfetta inizia qui:&nbsp; bilocale a Rabl\u00e0 ! Immagina: il sole ti sveglia dolcemente, un leggero profumo di caff\u00e8 appena fatto riempie l&#8217;aria. \u00c8 esattamente questa la sensazione di arrivo e benessere che ti aspetta in questo moderno e luminoso bilocale al primo piano. \u00c8 il rifugio ideale per due persone \u2013 che &hellip; <\/p>\n<p class=\"link-more\"><a href=\"http:\/\/www.villa-maria.info\/villa\/it\/wohnung-xl-fuer-2-personen\/\" class=\"more-link\">Continue reading<span class=\"screen-reader-text\"> &#8220;Wohnung XL&#8221;<\/span><\/a><\/p>\n","protected":false},"author":1,"featured_media":2217,"parent":0,"menu_order":0,"comment_status":"closed","ping_status":"closed","template":"","meta":{"ngg_post_thumbnail":0,"footnotes":""},"class_list":["post-2291","page","type-page","status-publish","has-post-thumbnail","hentry"],"translation":{"provider":"WPGlobus","version":"3.0.2","language":"it","enabled_languages":["de","it","gb"],"languages":{"de":{"title":true,"content":true,"excerpt":false},"it":{"title":false,"content":true,"excerpt":false},"gb":{"title":false,"content":true,"excerpt":false}}},"yoast_head":"<!-- This site is optimized with the Yoast SEO plugin v27.2 - https:\/\/yoast.com\/product\/yoast-seo-wordpress\/ -->\n<title>Wohnung XL - Appartamenti Villa Maria<\/title>\n<meta name=\"robots\" content=\"index, follow, max-snippet:-1, max-image-preview:large, max-video-preview:-1\" \/>\n<link rel=\"canonical\" href=\"http:\/\/www.villa-maria.info\/villa\/wohnung-xl-fuer-2-personen\/\" \/>\n<meta property=\"og:locale\" content=\"it_IT\" \/>\n<meta property=\"og:type\" content=\"article\" \/>\n<meta property=\"og:title\" content=\"Wohnung XL - Appartamenti Villa Maria\" \/>\n<meta property=\"og:url\" content=\"http:\/\/www.villa-maria.info\/villa\/wohnung-xl-fuer-2-personen\/\" \/>\n<meta property=\"og:site_name\" content=\"Appartamenti Villa Maria\" \/>\n<meta property=\"article:publisher\" content=\"https:\/\/www.facebook.com\/FerienwohnungenVillaMaria\" \/>\n<meta property=\"article:modified_time\" content=\"2026-03-26T12:46:10+00:00\" \/>\n<meta property=\"og:image\" content=\"http:\/\/www.villa-maria.info\/villa\/wp-content\/uploads\/2026\/03\/W4-XL.jpg\" \/>\n\t<meta property=\"og:image:width\" content=\"1054\" \/>\n\t<meta property=\"og:image:height\" content=\"918\" \/>\n\t<meta property=\"og:image:type\" content=\"image\/jpeg\" \/>\n<meta name=\"twitter:card\" content=\"summary_large_image\" \/>\n<meta name=\"twitter:label1\" content=\"Est. reading time\" \/>\n\t<meta name=\"twitter:data1\" content=\"9 minutes\" \/>\n<script type=\"application\/ld+json\" class=\"yoast-schema-graph\">{\"@context\":\"https:\/\/schema.org\",\"@graph\":[{\"@type\":\"WebPage\",\"@id\":\"http:\/\/www.villa-maria.info\/villa\/wohnung-xl-fuer-2-personen\/\",\"url\":\"http:\/\/www.villa-maria.info\/villa\/wohnung-xl-fuer-2-personen\/\",\"name\":\"Wohnung XL - Appartamenti Villa Maria\",\"isPartOf\":{\"@id\":\"http:\/\/www.villa-maria.info\/villa\/#website\"},\"primaryImageOfPage\":{\"@id\":\"http:\/\/www.villa-maria.info\/villa\/wohnung-xl-fuer-2-personen\/#primaryimage\"},\"image\":{\"@id\":\"http:\/\/www.villa-maria.info\/villa\/wohnung-xl-fuer-2-personen\/#primaryimage\"},\"thumbnailUrl\":\"http:\/\/www.villa-maria.info\/villa\/wp-content\/uploads\/2026\/03\/W4-XL.jpg\",\"datePublished\":\"2026-03-24T14:36:58+00:00\",\"dateModified\":\"2026-03-26T12:46:10+00:00\",\"breadcrumb\":{\"@id\":\"http:\/\/www.villa-maria.info\/villa\/wohnung-xl-fuer-2-personen\/#breadcrumb\"},\"inLanguage\":\"it-IT\",\"potentialAction\":[{\"@type\":\"ReadAction\",\"target\":[\"http:\/\/www.villa-maria.info\/villa\/wohnung-xl-fuer-2-personen\/\"]}]},{\"@type\":\"ImageObject\",\"inLanguage\":\"it-IT\",\"@id\":\"http:\/\/www.villa-maria.info\/villa\/wohnung-xl-fuer-2-personen\/#primaryimage\",\"url\":\"http:\/\/www.villa-maria.info\/villa\/wp-content\/uploads\/2026\/03\/W4-XL.jpg\",\"contentUrl\":\"http:\/\/www.villa-maria.info\/villa\/wp-content\/uploads\/2026\/03\/W4-XL.jpg\",\"width\":1054,\"height\":918},{\"@type\":\"BreadcrumbList\",\"@id\":\"http:\/\/www.villa-maria.info\/villa\/wohnung-xl-fuer-2-personen\/#breadcrumb\",\"itemListElement\":[{\"@type\":\"ListItem\",\"position\":1,\"name\":\"Startseite\",\"item\":\"http:\/\/www.villa-maria.info\/villa\/\"},{\"@type\":\"ListItem\",\"position\":2,\"name\":\"Wohnung XL\"}]},{\"@type\":\"WebSite\",\"@id\":\"http:\/\/www.villa-maria.info\/villa\/#website\",\"url\":\"http:\/\/www.villa-maria.info\/villa\/\",\"name\":\"Ferienwohnungen Villa Maria\",\"description\":\"Merano e dintorni \",\"publisher\":{\"@id\":\"http:\/\/www.villa-maria.info\/villa\/#organization\"},\"potentialAction\":[{\"@type\":\"SearchAction\",\"target\":{\"@type\":\"EntryPoint\",\"urlTemplate\":\"http:\/\/www.villa-maria.info\/villa\/?s={search_term_string}\"},\"query-input\":{\"@type\":\"PropertyValueSpecification\",\"valueRequired\":true,\"valueName\":\"search_term_string\"}}],\"inLanguage\":\"it-IT\"},{\"@type\":\"Organization\",\"@id\":\"http:\/\/www.villa-maria.info\/villa\/#organization\",\"name\":\"Villa Maria\",\"url\":\"http:\/\/www.villa-maria.info\/villa\/\",\"logo\":{\"@type\":\"ImageObject\",\"inLanguage\":\"it-IT\",\"@id\":\"http:\/\/www.villa-maria.info\/villa\/#\/schema\/logo\/image\/\",\"url\":\"http:\/\/www.villa-maria.info\/villa\/wp-content\/uploads\/2022\/06\/LOGO2.jpg\",\"contentUrl\":\"http:\/\/www.villa-maria.info\/villa\/wp-content\/uploads\/2022\/06\/LOGO2.jpg\",\"width\":411,\"height\":486,\"caption\":\"Villa Maria\"},\"image\":{\"@id\":\"http:\/\/www.villa-maria.info\/villa\/#\/schema\/logo\/image\/\"},\"sameAs\":[\"https:\/\/www.facebook.com\/FerienwohnungenVillaMaria\",\"https:\/\/www.instagram.com\/villa_maria1\/\"]}]}<\/script>\n<!-- \/ Yoast SEO plugin. -->","yoast_head_json":{"title":"Wohnung XL - Appartamenti Villa Maria","robots":{"index":"index","follow":"follow","max-snippet":"max-snippet:-1","max-image-preview":"max-image-preview:large","max-video-preview":"max-video-preview:-1"},"canonical":"http:\/\/www.villa-maria.info\/villa\/wohnung-xl-fuer-2-personen\/","og_locale":"it_IT","og_type":"article","og_title":"Wohnung XL - Appartamenti Villa Maria","og_url":"http:\/\/www.villa-maria.info\/villa\/wohnung-xl-fuer-2-personen\/","og_site_name":"Appartamenti Villa Maria","article_publisher":"https:\/\/www.facebook.com\/FerienwohnungenVillaMaria","article_modified_time":"2026-03-26T12:46:10+00:00","og_image":[{"width":1054,"height":918,"url":"http:\/\/www.villa-maria.info\/villa\/wp-content\/uploads\/2026\/03\/W4-XL.jpg","type":"image\/jpeg"}],"twitter_card":"summary_large_image","twitter_misc":{"Est. reading time":"9 minutes"},"schema":{"@context":"https:\/\/schema.org","@graph":[{"@type":"WebPage","@id":"http:\/\/www.villa-maria.info\/villa\/wohnung-xl-fuer-2-personen\/","url":"http:\/\/www.villa-maria.info\/villa\/wohnung-xl-fuer-2-personen\/","name":"Wohnung XL - Appartamenti Villa Maria","isPartOf":{"@id":"http:\/\/www.villa-maria.info\/villa\/#website"},"primaryImageOfPage":{"@id":"http:\/\/www.villa-maria.info\/villa\/wohnung-xl-fuer-2-personen\/#primaryimage"},"image":{"@id":"http:\/\/www.villa-maria.info\/villa\/wohnung-xl-fuer-2-personen\/#primaryimage"},"thumbnailUrl":"http:\/\/www.villa-maria.info\/villa\/wp-content\/uploads\/2026\/03\/W4-XL.jpg","datePublished":"2026-03-24T14:36:58+00:00","dateModified":"2026-03-26T12:46:10+00:00","breadcrumb":{"@id":"http:\/\/www.villa-maria.info\/villa\/wohnung-xl-fuer-2-personen\/#breadcrumb"},"inLanguage":"it-IT","potentialAction":[{"@type":"ReadAction","target":["http:\/\/www.villa-maria.info\/villa\/wohnung-xl-fuer-2-personen\/"]}]},{"@type":"ImageObject","inLanguage":"it-IT","@id":"http:\/\/www.villa-maria.info\/villa\/wohnung-xl-fuer-2-personen\/#primaryimage","url":"http:\/\/www.villa-maria.info\/villa\/wp-content\/uploads\/2026\/03\/W4-XL.jpg","contentUrl":"http:\/\/www.villa-maria.info\/villa\/wp-content\/uploads\/2026\/03\/W4-XL.jpg","width":1054,"height":918},{"@type":"BreadcrumbList","@id":"http:\/\/www.villa-maria.info\/villa\/wohnung-xl-fuer-2-personen\/#breadcrumb","itemListElement":[{"@type":"ListItem","position":1,"name":"Startseite","item":"http:\/\/www.villa-maria.info\/villa\/"},{"@type":"ListItem","position":2,"name":"Wohnung XL"}]},{"@type":"WebSite","@id":"http:\/\/www.villa-maria.info\/villa\/#website","url":"http:\/\/www.villa-maria.info\/villa\/","name":"Ferienwohnungen Villa Maria","description":"Merano e dintorni ","publisher":{"@id":"http:\/\/www.villa-maria.info\/villa\/#organization"},"potentialAction":[{"@type":"SearchAction","target":{"@type":"EntryPoint","urlTemplate":"http:\/\/www.villa-maria.info\/villa\/?s={search_term_string}"},"query-input":{"@type":"PropertyValueSpecification","valueRequired":true,"valueName":"search_term_string"}}],"inLanguage":"it-IT"},{"@type":"Organization","@id":"http:\/\/www.villa-maria.info\/villa\/#organization","name":"Villa Maria","url":"http:\/\/www.villa-maria.info\/villa\/","logo":{"@type":"ImageObject","inLanguage":"it-IT","@id":"http:\/\/www.villa-maria.info\/villa\/#\/schema\/logo\/image\/","url":"http:\/\/www.villa-maria.info\/villa\/wp-content\/uploads\/2022\/06\/LOGO2.jpg","contentUrl":"http:\/\/www.villa-maria.info\/villa\/wp-content\/uploads\/2022\/06\/LOGO2.jpg","width":411,"height":486,"caption":"Villa Maria"},"image":{"@id":"http:\/\/www.villa-maria.info\/villa\/#\/schema\/logo\/image\/"},"sameAs":["https:\/\/www.facebook.com\/FerienwohnungenVillaMaria","https:\/\/www.instagram.com\/villa_maria1\/"]}]}},"_links":{"self":[{"href":"http:\/\/www.villa-maria.info\/villa\/it\/wp-json\/wp\/v2\/pages\/2291","targetHints":{"allow":["GET"]}}],"collection":[{"href":"http:\/\/www.villa-maria.info\/villa\/it\/wp-json\/wp\/v2\/pages"}],"about":[{"href":"http:\/\/www.villa-maria.info\/villa\/it\/wp-json\/wp\/v2\/types\/page"}],"author":[{"embeddable":true,"href":"http:\/\/www.villa-maria.info\/villa\/it\/wp-json\/wp\/v2\/users\/1"}],"replies":[{"embeddable":true,"href":"http:\/\/www.villa-maria.info\/villa\/it\/wp-json\/wp\/v2\/comments?post=2291"}],"version-history":[{"count":73,"href":"http:\/\/www.villa-maria.info\/villa\/it\/wp-json\/wp\/v2\/pages\/2291\/revisions"}],"predecessor-version":[{"id":2452,"href":"http:\/\/www.villa-maria.info\/villa\/it\/wp-json\/wp\/v2\/pages\/2291\/revisions\/2452"}],"wp:featuredmedia":[{"embeddable":true,"href":"http:\/\/www.villa-maria.info\/villa\/it\/wp-json\/wp\/v2\/media\/2217"}],"wp:attachment":[{"href":"http:\/\/www.villa-maria.info\/villa\/it\/wp-json\/wp\/v2\/media?parent=2291"}],"curies":[{"name":"wp","href":"https:\/\/api.w.org\/{rel}","templated":true}]}}