{"id":130,"date":"2018-03-08T17:02:33","date_gmt":"2018-03-08T16:02:33","guid":{"rendered":"http:\/\/www.villa-maria.info\/villa\/villa\/?page_id=130"},"modified":"2025-10-29T16:35:01","modified_gmt":"2025-10-29T15:35:01","slug":"wandern","status":"publish","type":"page","link":"http:\/\/www.villa-maria.info\/villa\/wandern\/","title":{"rendered":"Wandern&amp;Sport"},"content":{"rendered":"<h1>Wanderspa\u00df der Superlative<\/h1>\n<p><img fetchpriority=\"high\" decoding=\"async\" class=\"wp-image-53\" src=\"http:\/\/www.villa-maria.info\/villa\/villa\/wp-content\/uploads\/2018\/03\/mgm00307maen-300x200.jpg\" alt=\"\" width=\"800\" height=\"533\" srcset=\"http:\/\/www.villa-maria.info\/villa\/wp-content\/uploads\/2018\/03\/mgm00307maen-300x200.jpg 300w, http:\/\/www.villa-maria.info\/villa\/wp-content\/uploads\/2018\/03\/mgm00307maen.jpg 695w\" sizes=\"(max-width: 767px) 89vw, (max-width: 1000px) 54vw, (max-width: 1071px) 543px, 580px\" \/><\/p>\n<p>In Rabland liegen Ihnen die Berge \u2013 im wahrsten Sinne des Wortes \u2013 zu F\u00fc\u00dfen. Zwei Seilbahnen im Ort, \u00fcber 200 km Wanderwege und unz\u00e4hlige gem\u00fctliche H\u00fctten und Almen laden vom Fr\u00fchling bis in den goldenen Herbst zu anspruchsvollen Touren, gen\u00fcsslichen Wanderungen und erholsamen Spazierg\u00e4ngen ein. &nbsp;<\/p>\n<figure id=\"attachment_52\" aria-describedby=\"caption-attachment-52\" style=\"width: 800px\" class=\"wp-caption alignnone\"><img decoding=\"async\" class=\"wp-image-52\" src=\"http:\/\/www.villa-maria.info\/villa\/villa\/wp-content\/uploads\/2018\/03\/mgm00106miml.jpg\" alt=\"\" width=\"800\" height=\"533\" srcset=\"http:\/\/www.villa-maria.info\/villa\/wp-content\/uploads\/2018\/03\/mgm00106miml.jpg 695w, http:\/\/www.villa-maria.info\/villa\/wp-content\/uploads\/2018\/03\/mgm00106miml-300x200.jpg 300w\" sizes=\"(max-width: 767px) 89vw, (max-width: 1000px) 54vw, (max-width: 1071px) 543px, 580px\" \/><figcaption id=\"caption-attachment-52\" class=\"wp-caption-text\">.<\/figcaption><\/figure>\n","protected":false},"excerpt":{"rendered":"<p>Wanderspa\u00df der Superlative In Rabland liegen Ihnen die Berge \u2013 im wahrsten Sinne des Wortes \u2013 zu F\u00fc\u00dfen. Zwei Seilbahnen im Ort, \u00fcber 200 km Wanderwege und unz\u00e4hlige gem\u00fctliche H\u00fctten und Almen laden vom Fr\u00fchling bis in den goldenen Herbst zu anspruchsvollen Touren, gen\u00fcsslichen Wanderungen und erholsamen Spazierg\u00e4ngen ein. &nbsp;<\/p>\n","protected":false},"author":1,"featured_media":0,"parent":0,"menu_order":0,"comment_status":"closed","ping_status":"closed","template":"","meta":{"ngg_post_thumbnail":0,"footnotes":""},"class_list":["post-130","page","type-page","status-publish","hentry"],"translation":{"provider":"WPGlobus","version":"3.0.2","language":"de","enabled_languages":["de","it","gb"],"languages":{"de":{"title":true,"content":true,"excerpt":false},"it":{"title":true,"content":true,"excerpt":false},"gb":{"title":true,"content":true,"excerpt":false}}},"yoast_head":"<!-- This site is optimized with the Yoast SEO plugin v27.2 - https:\/\/yoast.com\/product\/yoast-seo-wordpress\/ -->\n<title>Wandern&amp;Sport - Ferienwohnungen Villa Maria<\/title>\n<meta name=\"robots\" content=\"index, follow, max-snippet:-1, max-image-preview:large, max-video-preview:-1\" \/>\n<link rel=\"canonical\" href=\"http:\/\/www.villa-maria.info\/villa\/wandern\/\" \/>\n<meta property=\"og:locale\" content=\"de_DE\" \/>\n<meta property=\"og:type\" content=\"article\" \/>\n<meta property=\"og:title\" content=\"Wandern&amp;Sport - Ferienwohnungen Villa Maria\" \/>\n<meta property=\"og:url\" content=\"http:\/\/www.villa-maria.info\/villa\/wandern\/\" \/>\n<meta property=\"og:site_name\" content=\"Ferienwohnungen Villa Maria\" \/>\n<meta property=\"article:publisher\" content=\"https:\/\/www.facebook.com\/FerienwohnungenVillaMaria\" \/>\n<meta property=\"article:modified_time\" content=\"2025-10-29T15:35:01+00:00\" \/>\n<meta property=\"og:image\" content=\"http:\/\/www.villa-maria.info\/villa\/wp-content\/uploads\/2018\/03\/mgm00307maen.jpg\" \/>\n\t<meta property=\"og:image:width\" content=\"695\" \/>\n\t<meta property=\"og:image:height\" content=\"463\" \/>\n\t<meta property=\"og:image:type\" content=\"image\/jpeg\" \/>\n<meta name=\"twitter:card\" content=\"summary_large_image\" \/>\n<meta name=\"twitter:label1\" content=\"Gesch\u00e4tzte Lesezeit\" \/>\n\t<meta name=\"twitter:data1\" content=\"3\u00a0Minuten\" \/>\n<script type=\"application\/ld+json\" class=\"yoast-schema-graph\">{\"@context\":\"https:\/\/schema.org\",\"@graph\":[{\"@type\":\"WebPage\",\"@id\":\"http:\/\/www.villa-maria.info\/villa\/wandern\/\",\"url\":\"http:\/\/www.villa-maria.info\/villa\/wandern\/\",\"name\":\"Wandern&amp;Sport - Ferienwohnungen Villa Maria\",\"isPartOf\":{\"@id\":\"http:\/\/www.villa-maria.info\/villa\/#website\"},\"primaryImageOfPage\":{\"@id\":\"http:\/\/www.villa-maria.info\/villa\/wandern\/#primaryimage\"},\"image\":{\"@id\":\"http:\/\/www.villa-maria.info\/villa\/wandern\/#primaryimage\"},\"thumbnailUrl\":\"http:\/\/www.villa-maria.info\/villa\/villa\/wp-content\/uploads\/2018\/03\/mgm00307maen-300x200.jpg\",\"datePublished\":\"2018-03-08T16:02:33+00:00\",\"dateModified\":\"2025-10-29T15:35:01+00:00\",\"breadcrumb\":{\"@id\":\"http:\/\/www.villa-maria.info\/villa\/wandern\/#breadcrumb\"},\"inLanguage\":\"de\",\"potentialAction\":[{\"@type\":\"ReadAction\",\"target\":[\"http:\/\/www.villa-maria.info\/villa\/wandern\/\"]}]},{\"@type\":\"ImageObject\",\"inLanguage\":\"de\",\"@id\":\"http:\/\/www.villa-maria.info\/villa\/wandern\/#primaryimage\",\"url\":\"http:\/\/www.villa-maria.info\/villa\/villa\/wp-content\/uploads\/2018\/03\/mgm00307maen-300x200.jpg\",\"contentUrl\":\"http:\/\/www.villa-maria.info\/villa\/villa\/wp-content\/uploads\/2018\/03\/mgm00307maen-300x200.jpg\"},{\"@type\":\"BreadcrumbList\",\"@id\":\"http:\/\/www.villa-maria.info\/villa\/wandern\/#breadcrumb\",\"itemListElement\":[{\"@type\":\"ListItem\",\"position\":1,\"name\":\"Startseite\",\"item\":\"http:\/\/www.villa-maria.info\/villa\/\"},{\"@type\":\"ListItem\",\"position\":2,\"name\":\"Wandern&amp;Sport\"}]},{\"@type\":\"WebSite\",\"@id\":\"http:\/\/www.villa-maria.info\/villa\/#website\",\"url\":\"http:\/\/www.villa-maria.info\/villa\/\",\"name\":\"Ferienwohnungen Villa Maria\",\"description\":\"Traumferien im Meranerland\",\"publisher\":{\"@id\":\"http:\/\/www.villa-maria.info\/villa\/#organization\"},\"potentialAction\":[{\"@type\":\"SearchAction\",\"target\":{\"@type\":\"EntryPoint\",\"urlTemplate\":\"http:\/\/www.villa-maria.info\/villa\/?s={search_term_string}\"},\"query-input\":{\"@type\":\"PropertyValueSpecification\",\"valueRequired\":true,\"valueName\":\"search_term_string\"}}],\"inLanguage\":\"de\"},{\"@type\":\"Organization\",\"@id\":\"http:\/\/www.villa-maria.info\/villa\/#organization\",\"name\":\"Villa Maria\",\"url\":\"http:\/\/www.villa-maria.info\/villa\/\",\"logo\":{\"@type\":\"ImageObject\",\"inLanguage\":\"de\",\"@id\":\"http:\/\/www.villa-maria.info\/villa\/#\/schema\/logo\/image\/\",\"url\":\"http:\/\/www.villa-maria.info\/villa\/wp-content\/uploads\/2022\/06\/LOGO2.jpg\",\"contentUrl\":\"http:\/\/www.villa-maria.info\/villa\/wp-content\/uploads\/2022\/06\/LOGO2.jpg\",\"width\":411,\"height\":486,\"caption\":\"Villa Maria\"},\"image\":{\"@id\":\"http:\/\/www.villa-maria.info\/villa\/#\/schema\/logo\/image\/\"},\"sameAs\":[\"https:\/\/www.facebook.com\/FerienwohnungenVillaMaria\",\"https:\/\/www.instagram.com\/villa_maria1\/\"]}]}<\/script>\n<!-- \/ Yoast SEO plugin. -->","yoast_head_json":{"title":"Wandern&amp;Sport - Ferienwohnungen Villa Maria","robots":{"index":"index","follow":"follow","max-snippet":"max-snippet:-1","max-image-preview":"max-image-preview:large","max-video-preview":"max-video-preview:-1"},"canonical":"http:\/\/www.villa-maria.info\/villa\/wandern\/","og_locale":"de_DE","og_type":"article","og_title":"Wandern&amp;Sport - Ferienwohnungen Villa Maria","og_url":"http:\/\/www.villa-maria.info\/villa\/wandern\/","og_site_name":"Ferienwohnungen Villa Maria","article_publisher":"https:\/\/www.facebook.com\/FerienwohnungenVillaMaria","article_modified_time":"2025-10-29T15:35:01+00:00","og_image":[{"width":695,"height":463,"url":"http:\/\/www.villa-maria.info\/villa\/wp-content\/uploads\/2018\/03\/mgm00307maen.jpg","type":"image\/jpeg"}],"twitter_card":"summary_large_image","twitter_misc":{"Gesch\u00e4tzte Lesezeit":"3\u00a0Minuten"},"schema":{"@context":"https:\/\/schema.org","@graph":[{"@type":"WebPage","@id":"http:\/\/www.villa-maria.info\/villa\/wandern\/","url":"http:\/\/www.villa-maria.info\/villa\/wandern\/","name":"Wandern&amp;Sport - Ferienwohnungen Villa Maria","isPartOf":{"@id":"http:\/\/www.villa-maria.info\/villa\/#website"},"primaryImageOfPage":{"@id":"http:\/\/www.villa-maria.info\/villa\/wandern\/#primaryimage"},"image":{"@id":"http:\/\/www.villa-maria.info\/villa\/wandern\/#primaryimage"},"thumbnailUrl":"http:\/\/www.villa-maria.info\/villa\/villa\/wp-content\/uploads\/2018\/03\/mgm00307maen-300x200.jpg","datePublished":"2018-03-08T16:02:33+00:00","dateModified":"2025-10-29T15:35:01+00:00","breadcrumb":{"@id":"http:\/\/www.villa-maria.info\/villa\/wandern\/#breadcrumb"},"inLanguage":"de","potentialAction":[{"@type":"ReadAction","target":["http:\/\/www.villa-maria.info\/villa\/wandern\/"]}]},{"@type":"ImageObject","inLanguage":"de","@id":"http:\/\/www.villa-maria.info\/villa\/wandern\/#primaryimage","url":"http:\/\/www.villa-maria.info\/villa\/villa\/wp-content\/uploads\/2018\/03\/mgm00307maen-300x200.jpg","contentUrl":"http:\/\/www.villa-maria.info\/villa\/villa\/wp-content\/uploads\/2018\/03\/mgm00307maen-300x200.jpg"},{"@type":"BreadcrumbList","@id":"http:\/\/www.villa-maria.info\/villa\/wandern\/#breadcrumb","itemListElement":[{"@type":"ListItem","position":1,"name":"Startseite","item":"http:\/\/www.villa-maria.info\/villa\/"},{"@type":"ListItem","position":2,"name":"Wandern&amp;Sport"}]},{"@type":"WebSite","@id":"http:\/\/www.villa-maria.info\/villa\/#website","url":"http:\/\/www.villa-maria.info\/villa\/","name":"Ferienwohnungen Villa Maria","description":"Traumferien im Meranerland","publisher":{"@id":"http:\/\/www.villa-maria.info\/villa\/#organization"},"potentialAction":[{"@type":"SearchAction","target":{"@type":"EntryPoint","urlTemplate":"http:\/\/www.villa-maria.info\/villa\/?s={search_term_string}"},"query-input":{"@type":"PropertyValueSpecification","valueRequired":true,"valueName":"search_term_string"}}],"inLanguage":"de"},{"@type":"Organization","@id":"http:\/\/www.villa-maria.info\/villa\/#organization","name":"Villa Maria","url":"http:\/\/www.villa-maria.info\/villa\/","logo":{"@type":"ImageObject","inLanguage":"de","@id":"http:\/\/www.villa-maria.info\/villa\/#\/schema\/logo\/image\/","url":"http:\/\/www.villa-maria.info\/villa\/wp-content\/uploads\/2022\/06\/LOGO2.jpg","contentUrl":"http:\/\/www.villa-maria.info\/villa\/wp-content\/uploads\/2022\/06\/LOGO2.jpg","width":411,"height":486,"caption":"Villa Maria"},"image":{"@id":"http:\/\/www.villa-maria.info\/villa\/#\/schema\/logo\/image\/"},"sameAs":["https:\/\/www.facebook.com\/FerienwohnungenVillaMaria","https:\/\/www.instagram.com\/villa_maria1\/"]}]}},"_links":{"self":[{"href":"http:\/\/www.villa-maria.info\/villa\/wp-json\/wp\/v2\/pages\/130","targetHints":{"allow":["GET"]}}],"collection":[{"href":"http:\/\/www.villa-maria.info\/villa\/wp-json\/wp\/v2\/pages"}],"about":[{"href":"http:\/\/www.villa-maria.info\/villa\/wp-json\/wp\/v2\/types\/page"}],"author":[{"embeddable":true,"href":"http:\/\/www.villa-maria.info\/villa\/wp-json\/wp\/v2\/users\/1"}],"replies":[{"embeddable":true,"href":"http:\/\/www.villa-maria.info\/villa\/wp-json\/wp\/v2\/comments?post=130"}],"version-history":[{"count":19,"href":"http:\/\/www.villa-maria.info\/villa\/wp-json\/wp\/v2\/pages\/130\/revisions"}],"predecessor-version":[{"id":2088,"href":"http:\/\/www.villa-maria.info\/villa\/wp-json\/wp\/v2\/pages\/130\/revisions\/2088"}],"wp:attachment":[{"href":"http:\/\/www.villa-maria.info\/villa\/wp-json\/wp\/v2\/media?parent=130"}],"curies":[{"name":"wp","href":"https:\/\/api.w.org\/{rel}","templated":true}]}}