{"id":131,"date":"2018-03-08T17:02:33","date_gmt":"2018-03-08T16:02:33","guid":{"rendered":"http:\/\/www.villa-maria.info\/villa\/villa\/?page_id=131"},"modified":"2025-10-29T17:10:24","modified_gmt":"2025-10-29T16:10:24","slug":"bike-2","status":"publish","type":"page","link":"http:\/\/www.villa-maria.info\/villa\/bike-2\/","title":{"rendered":"Biken"},"content":{"rendered":"<div align=\"center\">\n<h1 style=\"text-align: left;\">Radfahren und Biken im Meranerland<\/h1>\n<p align=\"left\">Direkt vom dem Haus geht es auf bestens ausgebauten Wegen quer durch den Vinschgau. Ob Mountainbike, Rennradfahren oder einfach nur Genussradeln\u2026 Gel\u00e4ndefahrten in unber\u00fchrter Natur vorbei an Bergseen oder durch traumhafte Obstg\u00e4rten und entlang an romantischen Bachufern. Spazierfahrten zu antiken Schl\u00f6ssern und mittelalterlichen D\u00f6rfern. Biketouren durch W\u00e4lder und Almwiesen. S\u00fcdtirol ist ein Paradies f\u00fcr Radfahrer, die nicht nur sportlichen Ehrgeiz entwickeln, sondern in aller Gem\u00fctlichkeit auch viel sehen wollen von Land und Leuten. Der nahegelegeneTalkessel um Meran und die umliegenden Bergketten und T\u00e4ler wie das Passeiertal, das Ultental, der Vinschgau und das Etschtal, bilden ein vielf\u00e4ltifes Bikerevier&nbsp; Im Talboden sp\u00fcrt man den mediterranen Klimaeinfluss ganz deutlich. Neben der Talsohle gibt es aber auch noch in h\u00f6heren Lagen viele weitere verborgene Bikeparadiese zu entdecken. Zahlreiche Seilbahnenf\u00fchren vom Talboden aus schnell und bequem zu den Traumspots f\u00fcr Mountainbiker wie das Vigiljoch, den Berghang rund um Algund, Dorf Tirol und Schenna oder den Tsch\u00f6gglberg. Etwas l\u00e4ngere Biketouren f\u00fchren nach V\u00f6llan und in das urige Ultental.<\/p>\n<p align=\"left\"><img fetchpriority=\"high\" decoding=\"async\" class=\"alignnone size-full wp-image-2097\" src=\"http:\/\/www.villa-maria.info\/villa\/wp-content\/uploads\/2025\/10\/Rad.jpg\" alt=\"\" width=\"1280\" height=\"853\" srcset=\"http:\/\/www.villa-maria.info\/villa\/wp-content\/uploads\/2025\/10\/Rad.jpg 1280w, http:\/\/www.villa-maria.info\/villa\/wp-content\/uploads\/2025\/10\/Rad-300x200.jpg 300w, http:\/\/www.villa-maria.info\/villa\/wp-content\/uploads\/2025\/10\/Rad-1024x682.jpg 1024w, http:\/\/www.villa-maria.info\/villa\/wp-content\/uploads\/2025\/10\/Rad-768x512.jpg 768w\" sizes=\"(max-width: 767px) 89vw, (max-width: 1000px) 54vw, (max-width: 1071px) 543px, 580px\" \/><\/p>\n<\/div>\n","protected":false},"excerpt":{"rendered":"<p>Radfahren und Biken im Meranerland Direkt vom dem Haus geht es auf bestens ausgebauten Wegen quer durch den Vinschgau. Ob Mountainbike, Rennradfahren oder einfach nur Genussradeln\u2026 Gel\u00e4ndefahrten in unber\u00fchrter Natur vorbei an Bergseen oder durch traumhafte Obstg\u00e4rten und entlang an romantischen Bachufern. Spazierfahrten zu antiken Schl\u00f6ssern und mittelalterlichen D\u00f6rfern. Biketouren durch W\u00e4lder und Almwiesen. S\u00fcdtirol &hellip; <\/p>\n<p class=\"link-more\"><a href=\"http:\/\/www.villa-maria.info\/villa\/bike-2\/\" class=\"more-link\"><span class=\"screen-reader-text\">\u201eBiken\u201c <\/span>weiterlesen<\/a><\/p>\n","protected":false},"author":1,"featured_media":1019,"parent":0,"menu_order":0,"comment_status":"closed","ping_status":"closed","template":"","meta":{"ngg_post_thumbnail":0,"footnotes":""},"class_list":["post-131","page","type-page","status-publish","has-post-thumbnail","hentry"],"translation":{"provider":"WPGlobus","version":"3.0.2","language":"de","enabled_languages":["de","it","gb"],"languages":{"de":{"title":true,"content":true,"excerpt":false},"it":{"title":true,"content":true,"excerpt":false},"gb":{"title":true,"content":true,"excerpt":false}}},"yoast_head":"<!-- This site is optimized with the Yoast SEO plugin v27.2 - https:\/\/yoast.com\/product\/yoast-seo-wordpress\/ -->\n<title>Biken - Ferienwohnungen Villa Maria<\/title>\n<meta name=\"robots\" content=\"index, follow, max-snippet:-1, max-image-preview:large, max-video-preview:-1\" \/>\n<link rel=\"canonical\" href=\"http:\/\/www.villa-maria.info\/villa\/bike-2\/\" \/>\n<meta property=\"og:locale\" content=\"de_DE\" \/>\n<meta property=\"og:type\" content=\"article\" \/>\n<meta property=\"og:title\" content=\"Biken - Ferienwohnungen Villa Maria\" \/>\n<meta property=\"og:url\" content=\"http:\/\/www.villa-maria.info\/villa\/bike-2\/\" \/>\n<meta property=\"og:site_name\" content=\"Ferienwohnungen Villa Maria\" \/>\n<meta property=\"article:publisher\" content=\"https:\/\/www.facebook.com\/FerienwohnungenVillaMaria\" \/>\n<meta property=\"article:modified_time\" content=\"2025-10-29T16:10:24+00:00\" \/>\n<meta property=\"og:image\" content=\"http:\/\/www.villa-maria.info\/villa\/wp-content\/uploads\/2018\/04\/MTB-am-Partschinser-N\u00f6rderberg-Tourismusverein-Partschins-Rabland-T\u00f6ll-Helmuth-Rier-1024x682.jpg\" \/>\n\t<meta property=\"og:image:width\" content=\"1024\" \/>\n\t<meta property=\"og:image:height\" content=\"682\" \/>\n\t<meta property=\"og:image:type\" content=\"image\/jpeg\" \/>\n<meta name=\"twitter:card\" content=\"summary_large_image\" \/>\n<meta name=\"twitter:label1\" content=\"Gesch\u00e4tzte Lesezeit\" \/>\n\t<meta name=\"twitter:data1\" content=\"5\u00a0Minuten\" \/>\n<script type=\"application\/ld+json\" class=\"yoast-schema-graph\">{\"@context\":\"https:\/\/schema.org\",\"@graph\":[{\"@type\":\"WebPage\",\"@id\":\"http:\/\/www.villa-maria.info\/villa\/bike-2\/\",\"url\":\"http:\/\/www.villa-maria.info\/villa\/bike-2\/\",\"name\":\"Biken - Ferienwohnungen Villa Maria\",\"isPartOf\":{\"@id\":\"http:\/\/www.villa-maria.info\/villa\/#website\"},\"primaryImageOfPage\":{\"@id\":\"http:\/\/www.villa-maria.info\/villa\/bike-2\/#primaryimage\"},\"image\":{\"@id\":\"http:\/\/www.villa-maria.info\/villa\/bike-2\/#primaryimage\"},\"thumbnailUrl\":\"http:\/\/www.villa-maria.info\/villa\/wp-content\/uploads\/2018\/04\/MTB-am-Partschinser-N\u00f6rderberg-Tourismusverein-Partschins-Rabland-T\u00f6ll-Helmuth-Rier.jpg\",\"datePublished\":\"2018-03-08T16:02:33+00:00\",\"dateModified\":\"2025-10-29T16:10:24+00:00\",\"breadcrumb\":{\"@id\":\"http:\/\/www.villa-maria.info\/villa\/bike-2\/#breadcrumb\"},\"inLanguage\":\"de\",\"potentialAction\":[{\"@type\":\"ReadAction\",\"target\":[\"http:\/\/www.villa-maria.info\/villa\/bike-2\/\"]}]},{\"@type\":\"ImageObject\",\"inLanguage\":\"de\",\"@id\":\"http:\/\/www.villa-maria.info\/villa\/bike-2\/#primaryimage\",\"url\":\"http:\/\/www.villa-maria.info\/villa\/wp-content\/uploads\/2018\/04\/MTB-am-Partschinser-N\u00f6rderberg-Tourismusverein-Partschins-Rabland-T\u00f6ll-Helmuth-Rier.jpg\",\"contentUrl\":\"http:\/\/www.villa-maria.info\/villa\/wp-content\/uploads\/2018\/04\/MTB-am-Partschinser-N\u00f6rderberg-Tourismusverein-Partschins-Rabland-T\u00f6ll-Helmuth-Rier.jpg\",\"width\":4928,\"height\":3280},{\"@type\":\"BreadcrumbList\",\"@id\":\"http:\/\/www.villa-maria.info\/villa\/bike-2\/#breadcrumb\",\"itemListElement\":[{\"@type\":\"ListItem\",\"position\":1,\"name\":\"Startseite\",\"item\":\"http:\/\/www.villa-maria.info\/villa\/\"},{\"@type\":\"ListItem\",\"position\":2,\"name\":\"Biken\"}]},{\"@type\":\"WebSite\",\"@id\":\"http:\/\/www.villa-maria.info\/villa\/#website\",\"url\":\"http:\/\/www.villa-maria.info\/villa\/\",\"name\":\"Ferienwohnungen Villa Maria\",\"description\":\"Traumferien im Meranerland\",\"publisher\":{\"@id\":\"http:\/\/www.villa-maria.info\/villa\/#organization\"},\"potentialAction\":[{\"@type\":\"SearchAction\",\"target\":{\"@type\":\"EntryPoint\",\"urlTemplate\":\"http:\/\/www.villa-maria.info\/villa\/?s={search_term_string}\"},\"query-input\":{\"@type\":\"PropertyValueSpecification\",\"valueRequired\":true,\"valueName\":\"search_term_string\"}}],\"inLanguage\":\"de\"},{\"@type\":\"Organization\",\"@id\":\"http:\/\/www.villa-maria.info\/villa\/#organization\",\"name\":\"Villa Maria\",\"url\":\"http:\/\/www.villa-maria.info\/villa\/\",\"logo\":{\"@type\":\"ImageObject\",\"inLanguage\":\"de\",\"@id\":\"http:\/\/www.villa-maria.info\/villa\/#\/schema\/logo\/image\/\",\"url\":\"http:\/\/www.villa-maria.info\/villa\/wp-content\/uploads\/2022\/06\/LOGO2.jpg\",\"contentUrl\":\"http:\/\/www.villa-maria.info\/villa\/wp-content\/uploads\/2022\/06\/LOGO2.jpg\",\"width\":411,\"height\":486,\"caption\":\"Villa Maria\"},\"image\":{\"@id\":\"http:\/\/www.villa-maria.info\/villa\/#\/schema\/logo\/image\/\"},\"sameAs\":[\"https:\/\/www.facebook.com\/FerienwohnungenVillaMaria\",\"https:\/\/www.instagram.com\/villa_maria1\/\"]}]}<\/script>\n<!-- \/ Yoast SEO plugin. -->","yoast_head_json":{"title":"Biken - Ferienwohnungen Villa Maria","robots":{"index":"index","follow":"follow","max-snippet":"max-snippet:-1","max-image-preview":"max-image-preview:large","max-video-preview":"max-video-preview:-1"},"canonical":"http:\/\/www.villa-maria.info\/villa\/bike-2\/","og_locale":"de_DE","og_type":"article","og_title":"Biken - Ferienwohnungen Villa Maria","og_url":"http:\/\/www.villa-maria.info\/villa\/bike-2\/","og_site_name":"Ferienwohnungen Villa Maria","article_publisher":"https:\/\/www.facebook.com\/FerienwohnungenVillaMaria","article_modified_time":"2025-10-29T16:10:24+00:00","og_image":[{"width":1024,"height":682,"url":"http:\/\/www.villa-maria.info\/villa\/wp-content\/uploads\/2018\/04\/MTB-am-Partschinser-N\u00f6rderberg-Tourismusverein-Partschins-Rabland-T\u00f6ll-Helmuth-Rier-1024x682.jpg","type":"image\/jpeg"}],"twitter_card":"summary_large_image","twitter_misc":{"Gesch\u00e4tzte Lesezeit":"5\u00a0Minuten"},"schema":{"@context":"https:\/\/schema.org","@graph":[{"@type":"WebPage","@id":"http:\/\/www.villa-maria.info\/villa\/bike-2\/","url":"http:\/\/www.villa-maria.info\/villa\/bike-2\/","name":"Biken - Ferienwohnungen Villa Maria","isPartOf":{"@id":"http:\/\/www.villa-maria.info\/villa\/#website"},"primaryImageOfPage":{"@id":"http:\/\/www.villa-maria.info\/villa\/bike-2\/#primaryimage"},"image":{"@id":"http:\/\/www.villa-maria.info\/villa\/bike-2\/#primaryimage"},"thumbnailUrl":"http:\/\/www.villa-maria.info\/villa\/wp-content\/uploads\/2018\/04\/MTB-am-Partschinser-N\u00f6rderberg-Tourismusverein-Partschins-Rabland-T\u00f6ll-Helmuth-Rier.jpg","datePublished":"2018-03-08T16:02:33+00:00","dateModified":"2025-10-29T16:10:24+00:00","breadcrumb":{"@id":"http:\/\/www.villa-maria.info\/villa\/bike-2\/#breadcrumb"},"inLanguage":"de","potentialAction":[{"@type":"ReadAction","target":["http:\/\/www.villa-maria.info\/villa\/bike-2\/"]}]},{"@type":"ImageObject","inLanguage":"de","@id":"http:\/\/www.villa-maria.info\/villa\/bike-2\/#primaryimage","url":"http:\/\/www.villa-maria.info\/villa\/wp-content\/uploads\/2018\/04\/MTB-am-Partschinser-N\u00f6rderberg-Tourismusverein-Partschins-Rabland-T\u00f6ll-Helmuth-Rier.jpg","contentUrl":"http:\/\/www.villa-maria.info\/villa\/wp-content\/uploads\/2018\/04\/MTB-am-Partschinser-N\u00f6rderberg-Tourismusverein-Partschins-Rabland-T\u00f6ll-Helmuth-Rier.jpg","width":4928,"height":3280},{"@type":"BreadcrumbList","@id":"http:\/\/www.villa-maria.info\/villa\/bike-2\/#breadcrumb","itemListElement":[{"@type":"ListItem","position":1,"name":"Startseite","item":"http:\/\/www.villa-maria.info\/villa\/"},{"@type":"ListItem","position":2,"name":"Biken"}]},{"@type":"WebSite","@id":"http:\/\/www.villa-maria.info\/villa\/#website","url":"http:\/\/www.villa-maria.info\/villa\/","name":"Ferienwohnungen Villa Maria","description":"Traumferien im Meranerland","publisher":{"@id":"http:\/\/www.villa-maria.info\/villa\/#organization"},"potentialAction":[{"@type":"SearchAction","target":{"@type":"EntryPoint","urlTemplate":"http:\/\/www.villa-maria.info\/villa\/?s={search_term_string}"},"query-input":{"@type":"PropertyValueSpecification","valueRequired":true,"valueName":"search_term_string"}}],"inLanguage":"de"},{"@type":"Organization","@id":"http:\/\/www.villa-maria.info\/villa\/#organization","name":"Villa Maria","url":"http:\/\/www.villa-maria.info\/villa\/","logo":{"@type":"ImageObject","inLanguage":"de","@id":"http:\/\/www.villa-maria.info\/villa\/#\/schema\/logo\/image\/","url":"http:\/\/www.villa-maria.info\/villa\/wp-content\/uploads\/2022\/06\/LOGO2.jpg","contentUrl":"http:\/\/www.villa-maria.info\/villa\/wp-content\/uploads\/2022\/06\/LOGO2.jpg","width":411,"height":486,"caption":"Villa Maria"},"image":{"@id":"http:\/\/www.villa-maria.info\/villa\/#\/schema\/logo\/image\/"},"sameAs":["https:\/\/www.facebook.com\/FerienwohnungenVillaMaria","https:\/\/www.instagram.com\/villa_maria1\/"]}]}},"_links":{"self":[{"href":"http:\/\/www.villa-maria.info\/villa\/wp-json\/wp\/v2\/pages\/131","targetHints":{"allow":["GET"]}}],"collection":[{"href":"http:\/\/www.villa-maria.info\/villa\/wp-json\/wp\/v2\/pages"}],"about":[{"href":"http:\/\/www.villa-maria.info\/villa\/wp-json\/wp\/v2\/types\/page"}],"author":[{"embeddable":true,"href":"http:\/\/www.villa-maria.info\/villa\/wp-json\/wp\/v2\/users\/1"}],"replies":[{"embeddable":true,"href":"http:\/\/www.villa-maria.info\/villa\/wp-json\/wp\/v2\/comments?post=131"}],"version-history":[{"count":24,"href":"http:\/\/www.villa-maria.info\/villa\/wp-json\/wp\/v2\/pages\/131\/revisions"}],"predecessor-version":[{"id":2104,"href":"http:\/\/www.villa-maria.info\/villa\/wp-json\/wp\/v2\/pages\/131\/revisions\/2104"}],"wp:featuredmedia":[{"embeddable":true,"href":"http:\/\/www.villa-maria.info\/villa\/wp-json\/wp\/v2\/media\/1019"}],"wp:attachment":[{"href":"http:\/\/www.villa-maria.info\/villa\/wp-json\/wp\/v2\/media?parent=131"}],"curies":[{"name":"wp","href":"https:\/\/api.w.org\/{rel}","templated":true}]}}