{"id":134,"date":"2018-03-08T17:02:34","date_gmt":"2018-03-08T16:02:34","guid":{"rendered":"http:\/\/www.villa-maria.info\/villa\/villa\/?page_id=134"},"modified":"2025-10-29T17:16:33","modified_gmt":"2025-10-29T16:16:33","slug":"rafting","status":"publish","type":"page","link":"http:\/\/www.villa-maria.info\/villa\/rafting\/","title":{"rendered":"Rafting"},"content":{"rendered":"<table border=\"0\" width=\"96{9ce511e2eee8bd7ea9369668815c8bbad2031d2cdab89471892edc154aced6c9}\">\n<tbody>\n<tr>\n<td colspan=\"2\" width=\"100{9ce511e2eee8bd7ea9369668815c8bbad2031d2cdab89471892edc154aced6c9}\" height=\"1\">&nbsp;<\/td>\n<\/tr>\n<tr>\n<td colspan=\"2\" width=\"100{9ce511e2eee8bd7ea9369668815c8bbad2031d2cdab89471892edc154aced6c9}\" height=\"1\">Wer das Abenteuer liebt, ist mit einer Raftingtour oder anderen auf den ersten Blick verr\u00fcckten Sportarten wie Canyoning, Hydrospeed oder Kajakfahrten gut beraten. Auf der Etsch werden sogar n\u00e4chtliche und romantische Touren angeboten. Ein gepr\u00fcfter F\u00fchrer begleitet die Gruppe, ein Minibus steht f\u00fcr den Transfer bereit, die komplette Ausr\u00fcstung \u2013 Neopren-Anzug, Schwimmweste, Helm und Jacke \u2013 wird gestellt.<\/td>\n<\/tr>\n<tr>\n<td width=\"50{9ce511e2eee8bd7ea9369668815c8bbad2031d2cdab89471892edc154aced6c9}\" height=\"21\">&nbsp;<\/td>\n<td width=\"50{9ce511e2eee8bd7ea9369668815c8bbad2031d2cdab89471892edc154aced6c9}\" height=\"21\">&nbsp;<\/td>\n<\/tr>\n<\/tbody>\n<\/table>\n","protected":false},"excerpt":{"rendered":"<p>&nbsp; Wer das Abenteuer liebt, ist mit einer Raftingtour oder anderen auf den ersten Blick verr\u00fcckten Sportarten wie Canyoning, Hydrospeed oder Kajakfahrten gut beraten. Auf der Etsch werden sogar n\u00e4chtliche und romantische Touren angeboten. Ein gepr\u00fcfter F\u00fchrer begleitet die Gruppe, ein Minibus steht f\u00fcr den Transfer bereit, die komplette Ausr\u00fcstung \u2013 Neopren-Anzug, Schwimmweste, Helm und &hellip; <\/p>\n<p class=\"link-more\"><a href=\"http:\/\/www.villa-maria.info\/villa\/rafting\/\" class=\"more-link\"><span class=\"screen-reader-text\">\u201eRafting\u201c <\/span>weiterlesen<\/a><\/p>\n","protected":false},"author":1,"featured_media":1037,"parent":0,"menu_order":0,"comment_status":"closed","ping_status":"closed","template":"","meta":{"ngg_post_thumbnail":0,"footnotes":""},"class_list":["post-134","page","type-page","status-publish","has-post-thumbnail","hentry"],"translation":{"provider":"WPGlobus","version":"3.0.2","language":"de","enabled_languages":["de","it","gb"],"languages":{"de":{"title":true,"content":true,"excerpt":false},"it":{"title":true,"content":true,"excerpt":false},"gb":{"title":true,"content":true,"excerpt":false}}},"yoast_head":"<!-- This site is optimized with the Yoast SEO plugin v27.2 - https:\/\/yoast.com\/product\/yoast-seo-wordpress\/ -->\n<title>Rafting - Ferienwohnungen Villa Maria<\/title>\n<meta name=\"robots\" content=\"index, follow, max-snippet:-1, max-image-preview:large, max-video-preview:-1\" \/>\n<link rel=\"canonical\" href=\"http:\/\/www.villa-maria.info\/villa\/rafting\/\" \/>\n<meta property=\"og:locale\" content=\"de_DE\" \/>\n<meta property=\"og:type\" content=\"article\" \/>\n<meta property=\"og:title\" content=\"Rafting - Ferienwohnungen Villa Maria\" \/>\n<meta property=\"og:url\" content=\"http:\/\/www.villa-maria.info\/villa\/rafting\/\" \/>\n<meta property=\"og:site_name\" content=\"Ferienwohnungen Villa Maria\" \/>\n<meta property=\"article:publisher\" content=\"https:\/\/www.facebook.com\/FerienwohnungenVillaMaria\" \/>\n<meta property=\"article:modified_time\" content=\"2025-10-29T16:16:33+00:00\" \/>\n<meta property=\"og:image\" content=\"http:\/\/www.villa-maria.info\/villa\/wp-content\/uploads\/2018\/04\/river-rafting-50851_12801.jpg\" \/>\n\t<meta property=\"og:image:width\" content=\"1280\" \/>\n\t<meta property=\"og:image:height\" content=\"1022\" \/>\n\t<meta property=\"og:image:type\" content=\"image\/jpeg\" \/>\n<meta name=\"twitter:card\" content=\"summary_large_image\" \/>\n<meta name=\"twitter:label1\" content=\"Gesch\u00e4tzte Lesezeit\" \/>\n\t<meta name=\"twitter:data1\" content=\"2\u00a0Minuten\" \/>\n<script type=\"application\/ld+json\" class=\"yoast-schema-graph\">{\"@context\":\"https:\/\/schema.org\",\"@graph\":[{\"@type\":\"WebPage\",\"@id\":\"http:\/\/www.villa-maria.info\/villa\/rafting\/\",\"url\":\"http:\/\/www.villa-maria.info\/villa\/rafting\/\",\"name\":\"Rafting - Ferienwohnungen Villa Maria\",\"isPartOf\":{\"@id\":\"http:\/\/www.villa-maria.info\/villa\/#website\"},\"primaryImageOfPage\":{\"@id\":\"http:\/\/www.villa-maria.info\/villa\/rafting\/#primaryimage\"},\"image\":{\"@id\":\"http:\/\/www.villa-maria.info\/villa\/rafting\/#primaryimage\"},\"thumbnailUrl\":\"http:\/\/www.villa-maria.info\/villa\/wp-content\/uploads\/2018\/04\/river-rafting-50851_12801.jpg\",\"datePublished\":\"2018-03-08T16:02:34+00:00\",\"dateModified\":\"2025-10-29T16:16:33+00:00\",\"breadcrumb\":{\"@id\":\"http:\/\/www.villa-maria.info\/villa\/rafting\/#breadcrumb\"},\"inLanguage\":\"de\",\"potentialAction\":[{\"@type\":\"ReadAction\",\"target\":[\"http:\/\/www.villa-maria.info\/villa\/rafting\/\"]}]},{\"@type\":\"ImageObject\",\"inLanguage\":\"de\",\"@id\":\"http:\/\/www.villa-maria.info\/villa\/rafting\/#primaryimage\",\"url\":\"http:\/\/www.villa-maria.info\/villa\/wp-content\/uploads\/2018\/04\/river-rafting-50851_12801.jpg\",\"contentUrl\":\"http:\/\/www.villa-maria.info\/villa\/wp-content\/uploads\/2018\/04\/river-rafting-50851_12801.jpg\",\"width\":1280,\"height\":1022},{\"@type\":\"BreadcrumbList\",\"@id\":\"http:\/\/www.villa-maria.info\/villa\/rafting\/#breadcrumb\",\"itemListElement\":[{\"@type\":\"ListItem\",\"position\":1,\"name\":\"Startseite\",\"item\":\"http:\/\/www.villa-maria.info\/villa\/\"},{\"@type\":\"ListItem\",\"position\":2,\"name\":\"Rafting\"}]},{\"@type\":\"WebSite\",\"@id\":\"http:\/\/www.villa-maria.info\/villa\/#website\",\"url\":\"http:\/\/www.villa-maria.info\/villa\/\",\"name\":\"Ferienwohnungen Villa Maria\",\"description\":\"Traumferien im Meranerland\",\"publisher\":{\"@id\":\"http:\/\/www.villa-maria.info\/villa\/#organization\"},\"potentialAction\":[{\"@type\":\"SearchAction\",\"target\":{\"@type\":\"EntryPoint\",\"urlTemplate\":\"http:\/\/www.villa-maria.info\/villa\/?s={search_term_string}\"},\"query-input\":{\"@type\":\"PropertyValueSpecification\",\"valueRequired\":true,\"valueName\":\"search_term_string\"}}],\"inLanguage\":\"de\"},{\"@type\":\"Organization\",\"@id\":\"http:\/\/www.villa-maria.info\/villa\/#organization\",\"name\":\"Villa Maria\",\"url\":\"http:\/\/www.villa-maria.info\/villa\/\",\"logo\":{\"@type\":\"ImageObject\",\"inLanguage\":\"de\",\"@id\":\"http:\/\/www.villa-maria.info\/villa\/#\/schema\/logo\/image\/\",\"url\":\"http:\/\/www.villa-maria.info\/villa\/wp-content\/uploads\/2022\/06\/LOGO2.jpg\",\"contentUrl\":\"http:\/\/www.villa-maria.info\/villa\/wp-content\/uploads\/2022\/06\/LOGO2.jpg\",\"width\":411,\"height\":486,\"caption\":\"Villa Maria\"},\"image\":{\"@id\":\"http:\/\/www.villa-maria.info\/villa\/#\/schema\/logo\/image\/\"},\"sameAs\":[\"https:\/\/www.facebook.com\/FerienwohnungenVillaMaria\",\"https:\/\/www.instagram.com\/villa_maria1\/\"]}]}<\/script>\n<!-- \/ Yoast SEO plugin. -->","yoast_head_json":{"title":"Rafting - Ferienwohnungen Villa Maria","robots":{"index":"index","follow":"follow","max-snippet":"max-snippet:-1","max-image-preview":"max-image-preview:large","max-video-preview":"max-video-preview:-1"},"canonical":"http:\/\/www.villa-maria.info\/villa\/rafting\/","og_locale":"de_DE","og_type":"article","og_title":"Rafting - Ferienwohnungen Villa Maria","og_url":"http:\/\/www.villa-maria.info\/villa\/rafting\/","og_site_name":"Ferienwohnungen Villa Maria","article_publisher":"https:\/\/www.facebook.com\/FerienwohnungenVillaMaria","article_modified_time":"2025-10-29T16:16:33+00:00","og_image":[{"width":1280,"height":1022,"url":"http:\/\/www.villa-maria.info\/villa\/wp-content\/uploads\/2018\/04\/river-rafting-50851_12801.jpg","type":"image\/jpeg"}],"twitter_card":"summary_large_image","twitter_misc":{"Gesch\u00e4tzte Lesezeit":"2\u00a0Minuten"},"schema":{"@context":"https:\/\/schema.org","@graph":[{"@type":"WebPage","@id":"http:\/\/www.villa-maria.info\/villa\/rafting\/","url":"http:\/\/www.villa-maria.info\/villa\/rafting\/","name":"Rafting - Ferienwohnungen Villa Maria","isPartOf":{"@id":"http:\/\/www.villa-maria.info\/villa\/#website"},"primaryImageOfPage":{"@id":"http:\/\/www.villa-maria.info\/villa\/rafting\/#primaryimage"},"image":{"@id":"http:\/\/www.villa-maria.info\/villa\/rafting\/#primaryimage"},"thumbnailUrl":"http:\/\/www.villa-maria.info\/villa\/wp-content\/uploads\/2018\/04\/river-rafting-50851_12801.jpg","datePublished":"2018-03-08T16:02:34+00:00","dateModified":"2025-10-29T16:16:33+00:00","breadcrumb":{"@id":"http:\/\/www.villa-maria.info\/villa\/rafting\/#breadcrumb"},"inLanguage":"de","potentialAction":[{"@type":"ReadAction","target":["http:\/\/www.villa-maria.info\/villa\/rafting\/"]}]},{"@type":"ImageObject","inLanguage":"de","@id":"http:\/\/www.villa-maria.info\/villa\/rafting\/#primaryimage","url":"http:\/\/www.villa-maria.info\/villa\/wp-content\/uploads\/2018\/04\/river-rafting-50851_12801.jpg","contentUrl":"http:\/\/www.villa-maria.info\/villa\/wp-content\/uploads\/2018\/04\/river-rafting-50851_12801.jpg","width":1280,"height":1022},{"@type":"BreadcrumbList","@id":"http:\/\/www.villa-maria.info\/villa\/rafting\/#breadcrumb","itemListElement":[{"@type":"ListItem","position":1,"name":"Startseite","item":"http:\/\/www.villa-maria.info\/villa\/"},{"@type":"ListItem","position":2,"name":"Rafting"}]},{"@type":"WebSite","@id":"http:\/\/www.villa-maria.info\/villa\/#website","url":"http:\/\/www.villa-maria.info\/villa\/","name":"Ferienwohnungen Villa Maria","description":"Traumferien im Meranerland","publisher":{"@id":"http:\/\/www.villa-maria.info\/villa\/#organization"},"potentialAction":[{"@type":"SearchAction","target":{"@type":"EntryPoint","urlTemplate":"http:\/\/www.villa-maria.info\/villa\/?s={search_term_string}"},"query-input":{"@type":"PropertyValueSpecification","valueRequired":true,"valueName":"search_term_string"}}],"inLanguage":"de"},{"@type":"Organization","@id":"http:\/\/www.villa-maria.info\/villa\/#organization","name":"Villa Maria","url":"http:\/\/www.villa-maria.info\/villa\/","logo":{"@type":"ImageObject","inLanguage":"de","@id":"http:\/\/www.villa-maria.info\/villa\/#\/schema\/logo\/image\/","url":"http:\/\/www.villa-maria.info\/villa\/wp-content\/uploads\/2022\/06\/LOGO2.jpg","contentUrl":"http:\/\/www.villa-maria.info\/villa\/wp-content\/uploads\/2022\/06\/LOGO2.jpg","width":411,"height":486,"caption":"Villa Maria"},"image":{"@id":"http:\/\/www.villa-maria.info\/villa\/#\/schema\/logo\/image\/"},"sameAs":["https:\/\/www.facebook.com\/FerienwohnungenVillaMaria","https:\/\/www.instagram.com\/villa_maria1\/"]}]}},"_links":{"self":[{"href":"http:\/\/www.villa-maria.info\/villa\/wp-json\/wp\/v2\/pages\/134","targetHints":{"allow":["GET"]}}],"collection":[{"href":"http:\/\/www.villa-maria.info\/villa\/wp-json\/wp\/v2\/pages"}],"about":[{"href":"http:\/\/www.villa-maria.info\/villa\/wp-json\/wp\/v2\/types\/page"}],"author":[{"embeddable":true,"href":"http:\/\/www.villa-maria.info\/villa\/wp-json\/wp\/v2\/users\/1"}],"replies":[{"embeddable":true,"href":"http:\/\/www.villa-maria.info\/villa\/wp-json\/wp\/v2\/comments?post=134"}],"version-history":[{"count":17,"href":"http:\/\/www.villa-maria.info\/villa\/wp-json\/wp\/v2\/pages\/134\/revisions"}],"predecessor-version":[{"id":2108,"href":"http:\/\/www.villa-maria.info\/villa\/wp-json\/wp\/v2\/pages\/134\/revisions\/2108"}],"wp:featuredmedia":[{"embeddable":true,"href":"http:\/\/www.villa-maria.info\/villa\/wp-json\/wp\/v2\/media\/1037"}],"wp:attachment":[{"href":"http:\/\/www.villa-maria.info\/villa\/wp-json\/wp\/v2\/media?parent=134"}],"curies":[{"name":"wp","href":"https:\/\/api.w.org\/{rel}","templated":true}]}}