{"id":1817,"date":"2025-10-30T15:47:06","date_gmt":"2025-10-30T14:47:06","guid":{"rendered":"http:\/\/www.villa-maria.info\/villa\/?page_id=1817"},"modified":"2025-10-30T15:47:07","modified_gmt":"2025-10-30T14:47:07","slug":"preise","status":"publish","type":"page","link":"http:\/\/www.villa-maria.info\/villa\/preise\/","title":{"rendered":"Preise"},"content":{"rendered":"<\/p>\n<!-- \/wp:post-content -->\n\n<p><!-- \/wp:post-content --><\/p>\n<p><!-- wp:heading {\"level\":3} --><\/p>\n<figure><img decoding=\"async\" class=\"wp-image-18  alignright\" src=\"http:\/\/www.villa-maria.info\/villa\/wp-content\/uploads\/2018\/03\/Bestpreis.jpg\" alt=\"\" width=\"72\" height=\"89\"><\/figure>\n<p>Ferienwohnungen &#8220; Villa Maria&#8220; ***&nbsp;&nbsp;&nbsp; Preisliste 2026<\/p>\n<p><!-- \/wp:heading --><\/p>\n<p><!-- wp:paragraph --><\/p>\n<p>Neue Ferienwohnungen mit ausgesuchtem Mobiliar von 50 qm bis 65 qm bestehend aus Schlafzimmer, Wohnraum , Komplette K\u00fcche mit Kaffeemaschine, Bad mit Dusche \/WC, F\u00f6n, Safe , SAT-TV, Sonnenbalkon, Liegest\u00fchle, Sonnenschirme und Parkplatz<\/p>\n<p><!-- \/wp:paragraph --><\/p>\n<p><!-- wp:paragraph --><\/p>\n<p><strong>Appartement XL (2 Personen)<\/strong>&nbsp; Bestehend aus Wohnzimmer, Schlafzimmer, Kochnische mit Nespresso-Kaffeemaschine, Badezimmer mit Dusche, WC, Bidet, Fernseher mit SAT,&nbsp; Wandsafe, und Balkon. Gratis W-LAN<\/p>\n<p><!-- \/wp:paragraph --><\/p>\n<p><!-- wp:table {\"hasFixedLayout\":true,\"backgroundColor\":\"subtle-light-gray\"} --><\/p>\n<table class=\"wp-block-table has-subtle-light-gray-background-color has-fixed-layout has-background\">\n<tbody>\n<tr>\n<td><strong>Wohnung XL<\/strong><\/td>\n<td><strong>01. 04. 2026&nbsp; &#8211;&nbsp; 08. 11. 2026<\/strong><\/td>\n<\/tr>\n<tr>\n<td>Wohnung \/Tag f\u00fcr 2 Personen<\/td>\n<td>von 125,00 Euro bis 135,00 Euro&nbsp;<\/td>\n<\/tr>\n<tr>\n<td>&nbsp;<\/td>\n<td>&nbsp;<\/td>\n<\/tr>\n<\/tbody>\n<\/table>\n<p><!-- \/wp:table --><\/p>\n<p><!-- wp:paragraph --><\/p>\n<p><!-- \/wp:paragraph --><\/p>\n<p><!-- wp:paragraph --><\/p>\n<p><strong>Appartement XXL&nbsp; (4 Personen )<\/strong> Ger\u00e4umiges Appartement ca. 65 qm&nbsp;mit Panoramawohnzimmer, separate K\u00fcche mit Sp\u00fclmaschine&nbsp; Nespresso-Kaffeemaschine, 2 Schafzimmer, Badezimmer mit Badewanne und Dusche, WC, Fernseher mit SAT, Wandsafe und Balkon- Gratis W-LAN<\/p>\n<p><!-- \/wp:paragraph --><\/p>\n<p><!-- wp:table {\"hasFixedLayout\":true,\"backgroundColor\":\"subtle-light-gray\"} --><\/p>\n<table class=\"wp-block-table has-subtle-light-gray-background-color has-fixed-layout has-background\">\n<tbody>\n<tr>\n<td><strong>Wohnung XXL<\/strong><\/td>\n<td><strong>01. 04. 2026&nbsp; &#8211;&nbsp; 08. 11. 2026<\/strong><\/td>\n<\/tr>\n<tr>\n<td>Wohnung \/Tag f\u00fcr 4 Personen<\/td>\n<td>von 198,00 Euro bis 220,00 Euro&nbsp;<\/td>\n<\/tr>\n<tr>\n<td>&nbsp;<\/td>\n<td>&nbsp;<\/td>\n<\/tr>\n<\/tbody>\n<\/table>\n<p><!-- \/wp:table --><\/p>\n<p><!-- wp:table --><\/p>\n<table class=\"wp-block-table\">\n<tbody>\n<tr>\n<td>Inklusivleistungen:&nbsp; Bett- und Badew\u00e4sche, Strom, Wasser, Parkplatz f\u00fcr 1 Auto pro Wohnung. zuz\u00fcglich Ortstaxe &nbsp;<br>Die Preise sind auf einem Mindestaufenthalt von 5 Tagen berechnet<\/td>\n<\/tr>\n<tr>\n<td>Am Abreisetag sind die Wohnungen bis um 09,00 Uhr freizugeben.<\/td>\n<\/tr>\n<tr>\n<td>Bitte einplanen dass, das Appartement ab 15,30 Uhr beziehbar ist.<\/td>\n<\/tr>\n<tr>\n<td>Anreise bis 18.00, bei sp\u00e4terer Anreise bitten wir Sie und telefonisch zu benachrichtigen<\/td>\n<\/tr>\n<\/tbody>\n<\/table>\n<p><!-- \/wp:table --><\/p>\n<p><!-- wp:table --><\/p>\n<table class=\"wp-block-table\">\n<tbody>\n<tr>\n<td>Extras :<\/td>\n<\/tr>\n<tr>\n<td>Hunde ( pro Tag ohne Futter )&nbsp; &nbsp; &nbsp; &nbsp; &nbsp; &nbsp; &nbsp; &nbsp; &nbsp; &nbsp;20,00 Euro<\/td>\n<\/tr>\n<tr>\n<td>Kinderbettchen ( pro Woche )&nbsp;&nbsp;&nbsp;&nbsp;&nbsp;&nbsp;&nbsp;&nbsp;&nbsp;&nbsp;&nbsp;&nbsp;&nbsp; &nbsp;&nbsp;&nbsp; 20,00 Euro<\/td>\n<\/tr>\n<tr>\n<td>Hochstuhl&nbsp; ( pro Woche )&nbsp;&nbsp;&nbsp;&nbsp;&nbsp;&nbsp;&nbsp;&nbsp;&nbsp;&nbsp;&nbsp;&nbsp;&nbsp;&nbsp;&nbsp;&nbsp;&nbsp;&nbsp;&nbsp;&nbsp;&nbsp;&nbsp;&nbsp;&nbsp;&nbsp;&nbsp;&nbsp; 20,00 Euro<\/td>\n<\/tr>\n<tr>\n<td>Extrabett ( pro Nacht )&nbsp;&nbsp;&nbsp;&nbsp;&nbsp;&nbsp;&nbsp;&nbsp;&nbsp;&nbsp;&nbsp;&nbsp;&nbsp;&nbsp;&nbsp;&nbsp;&nbsp;&nbsp;&nbsp;&nbsp;&nbsp;&nbsp;&nbsp;&nbsp;&nbsp;&nbsp;&nbsp;&nbsp;&nbsp;&nbsp;&nbsp;&nbsp;&nbsp; 35,00 Euro<\/td>\n<\/tr>\n<tr>\n<td>\n<p><strong>Endreinigung ( Einmalig ) <\/strong>Appartement XL 80,00 Euro<br>Appartement XXL 90,00 Euro<\/p>\n<\/td>\n<\/tr>\n<tr>\n<td>Die Ortstaxe wird pro Gast und N\u00e4chtigung von den Beherbergungsbetrieben eingehoben.<\/td>\n<\/tr>\n<tr>\n<td>&nbsp;<\/td>\n<\/tr>\n<tr>\n<td>\n<p><a>Folgende <strong>Stornogeb\u00fchren<\/strong> werden angewandt:<\/a> &nbsp;&nbsp;<\/p>\n<p style=\"text-align: left;\">&nbsp;&#8211; bis 80 Tage vor Mietbeginn: 30 % des Mietpreises<br>&nbsp;&#8211; bis 60 Tage vor Mietbeginn: 60% des Mietpreises<br>&nbsp;&#8211; bis 45 Tage vor Mietbeginn: 80 % des Mietpreises<br>&nbsp;&#8211; bis 30 Tage vor Mietbeginn: 100 % des Mietpreises<\/p>\n<p>Bei Stornierungen wird eine Bearbeitungsgeb\u00fchr von 50,00 Euro verrechnet<\/p>\n<\/td>\n<\/tr>\n<tr>\n<td>Wir empfehlen Ihnen eine Reiser\u00fccktrittsversicherung.<\/td>\n<\/tr>\n<\/tbody>\n<\/table>\n<p><!-- wp:paragraph --><\/p>\n<p><!-- \/wp:paragraph --><\/p>\n<p><!-- wp:paragraph --><\/p>\n<p>","protected":false},"excerpt":{"rendered":"<p>Ferienwohnungen &#8220; Villa Maria&#8220; ***&nbsp;&nbsp;&nbsp; Preisliste 2026 Neue Ferienwohnungen mit ausgesuchtem Mobiliar von 50 qm bis 65 qm bestehend aus Schlafzimmer, Wohnraum , Komplette K\u00fcche mit Kaffeemaschine, Bad mit Dusche \/WC, F\u00f6n, Safe , SAT-TV, Sonnenbalkon, Liegest\u00fchle, Sonnenschirme und Parkplatz Appartement XL (2 Personen)&nbsp; Bestehend aus Wohnzimmer, Schlafzimmer, Kochnische mit Nespresso-Kaffeemaschine, Badezimmer mit Dusche, WC, &hellip; <\/p>\n<p class=\"link-more\"><a href=\"http:\/\/www.villa-maria.info\/villa\/preise\/\" class=\"more-link\"><span class=\"screen-reader-text\">\u201ePreise\u201c <\/span>weiterlesen<\/a><\/p>\n","protected":false},"author":1,"featured_media":0,"parent":0,"menu_order":0,"comment_status":"closed","ping_status":"closed","template":"","meta":{"ngg_post_thumbnail":0,"footnotes":""},"class_list":["post-1817","page","type-page","status-publish","hentry"],"translation":{"provider":"WPGlobus","version":"3.0.2","language":"de","enabled_languages":["de","it","gb"],"languages":{"de":{"title":true,"content":true,"excerpt":false},"it":{"title":false,"content":true,"excerpt":false},"gb":{"title":false,"content":true,"excerpt":false}}},"yoast_head":"<!-- This site is optimized with the Yoast SEO plugin v27.2 - https:\/\/yoast.com\/product\/yoast-seo-wordpress\/ -->\n<title>Preise - Ferienwohnungen Villa Maria<\/title>\n<meta name=\"robots\" content=\"index, follow, max-snippet:-1, max-image-preview:large, max-video-preview:-1\" \/>\n<link rel=\"canonical\" href=\"http:\/\/www.villa-maria.info\/villa\/preise\/\" \/>\n<meta property=\"og:locale\" content=\"de_DE\" \/>\n<meta property=\"og:type\" content=\"article\" \/>\n<meta property=\"og:title\" content=\"Preise - Ferienwohnungen Villa Maria\" \/>\n<meta property=\"og:url\" content=\"http:\/\/www.villa-maria.info\/villa\/preise\/\" \/>\n<meta property=\"og:site_name\" content=\"Ferienwohnungen Villa Maria\" \/>\n<meta property=\"article:publisher\" content=\"https:\/\/www.facebook.com\/FerienwohnungenVillaMaria\" \/>\n<meta property=\"article:modified_time\" content=\"2025-10-30T14:47:07+00:00\" \/>\n<meta property=\"og:image\" content=\"http:\/\/www.villa-maria.info\/villa\/wp-content\/uploads\/2018\/03\/Bestpreis.jpg\" \/>\n\t<meta property=\"og:image:width\" content=\"159\" \/>\n\t<meta property=\"og:image:height\" content=\"197\" \/>\n\t<meta property=\"og:image:type\" content=\"image\/jpeg\" \/>\n<meta name=\"twitter:card\" content=\"summary_large_image\" \/>\n<meta name=\"twitter:label1\" content=\"Gesch\u00e4tzte Lesezeit\" \/>\n\t<meta name=\"twitter:data1\" content=\"6\u00a0Minuten\" \/>\n<script type=\"application\/ld+json\" class=\"yoast-schema-graph\">{\"@context\":\"https:\/\/schema.org\",\"@graph\":[{\"@type\":\"WebPage\",\"@id\":\"http:\/\/www.villa-maria.info\/villa\/preise\/\",\"url\":\"http:\/\/www.villa-maria.info\/villa\/preise\/\",\"name\":\"Preise - Ferienwohnungen Villa Maria\",\"isPartOf\":{\"@id\":\"http:\/\/www.villa-maria.info\/villa\/#website\"},\"primaryImageOfPage\":{\"@id\":\"http:\/\/www.villa-maria.info\/villa\/preise\/#primaryimage\"},\"image\":{\"@id\":\"http:\/\/www.villa-maria.info\/villa\/preise\/#primaryimage\"},\"thumbnailUrl\":\"http:\/\/www.villa-maria.info\/villa\/wp-content\/uploads\/2018\/03\/Bestpreis.jpg\",\"datePublished\":\"2025-10-30T14:47:06+00:00\",\"dateModified\":\"2025-10-30T14:47:07+00:00\",\"breadcrumb\":{\"@id\":\"http:\/\/www.villa-maria.info\/villa\/preise\/#breadcrumb\"},\"inLanguage\":\"de\",\"potentialAction\":[{\"@type\":\"ReadAction\",\"target\":[\"http:\/\/www.villa-maria.info\/villa\/preise\/\"]}]},{\"@type\":\"ImageObject\",\"inLanguage\":\"de\",\"@id\":\"http:\/\/www.villa-maria.info\/villa\/preise\/#primaryimage\",\"url\":\"http:\/\/www.villa-maria.info\/villa\/wp-content\/uploads\/2018\/03\/Bestpreis.jpg\",\"contentUrl\":\"http:\/\/www.villa-maria.info\/villa\/wp-content\/uploads\/2018\/03\/Bestpreis.jpg\",\"width\":159,\"height\":197},{\"@type\":\"BreadcrumbList\",\"@id\":\"http:\/\/www.villa-maria.info\/villa\/preise\/#breadcrumb\",\"itemListElement\":[{\"@type\":\"ListItem\",\"position\":1,\"name\":\"Startseite\",\"item\":\"http:\/\/www.villa-maria.info\/villa\/\"},{\"@type\":\"ListItem\",\"position\":2,\"name\":\"Preise\"}]},{\"@type\":\"WebSite\",\"@id\":\"http:\/\/www.villa-maria.info\/villa\/#website\",\"url\":\"http:\/\/www.villa-maria.info\/villa\/\",\"name\":\"Ferienwohnungen Villa Maria\",\"description\":\"Traumferien im Meranerland\",\"publisher\":{\"@id\":\"http:\/\/www.villa-maria.info\/villa\/#organization\"},\"potentialAction\":[{\"@type\":\"SearchAction\",\"target\":{\"@type\":\"EntryPoint\",\"urlTemplate\":\"http:\/\/www.villa-maria.info\/villa\/?s={search_term_string}\"},\"query-input\":{\"@type\":\"PropertyValueSpecification\",\"valueRequired\":true,\"valueName\":\"search_term_string\"}}],\"inLanguage\":\"de\"},{\"@type\":\"Organization\",\"@id\":\"http:\/\/www.villa-maria.info\/villa\/#organization\",\"name\":\"Villa Maria\",\"url\":\"http:\/\/www.villa-maria.info\/villa\/\",\"logo\":{\"@type\":\"ImageObject\",\"inLanguage\":\"de\",\"@id\":\"http:\/\/www.villa-maria.info\/villa\/#\/schema\/logo\/image\/\",\"url\":\"http:\/\/www.villa-maria.info\/villa\/wp-content\/uploads\/2022\/06\/LOGO2.jpg\",\"contentUrl\":\"http:\/\/www.villa-maria.info\/villa\/wp-content\/uploads\/2022\/06\/LOGO2.jpg\",\"width\":411,\"height\":486,\"caption\":\"Villa Maria\"},\"image\":{\"@id\":\"http:\/\/www.villa-maria.info\/villa\/#\/schema\/logo\/image\/\"},\"sameAs\":[\"https:\/\/www.facebook.com\/FerienwohnungenVillaMaria\",\"https:\/\/www.instagram.com\/villa_maria1\/\"]}]}<\/script>\n<!-- \/ Yoast SEO plugin. -->","yoast_head_json":{"title":"Preise - Ferienwohnungen Villa Maria","robots":{"index":"index","follow":"follow","max-snippet":"max-snippet:-1","max-image-preview":"max-image-preview:large","max-video-preview":"max-video-preview:-1"},"canonical":"http:\/\/www.villa-maria.info\/villa\/preise\/","og_locale":"de_DE","og_type":"article","og_title":"Preise - Ferienwohnungen Villa Maria","og_url":"http:\/\/www.villa-maria.info\/villa\/preise\/","og_site_name":"Ferienwohnungen Villa Maria","article_publisher":"https:\/\/www.facebook.com\/FerienwohnungenVillaMaria","article_modified_time":"2025-10-30T14:47:07+00:00","og_image":[{"width":159,"height":197,"url":"http:\/\/www.villa-maria.info\/villa\/wp-content\/uploads\/2018\/03\/Bestpreis.jpg","type":"image\/jpeg"}],"twitter_card":"summary_large_image","twitter_misc":{"Gesch\u00e4tzte Lesezeit":"6\u00a0Minuten"},"schema":{"@context":"https:\/\/schema.org","@graph":[{"@type":"WebPage","@id":"http:\/\/www.villa-maria.info\/villa\/preise\/","url":"http:\/\/www.villa-maria.info\/villa\/preise\/","name":"Preise - Ferienwohnungen Villa Maria","isPartOf":{"@id":"http:\/\/www.villa-maria.info\/villa\/#website"},"primaryImageOfPage":{"@id":"http:\/\/www.villa-maria.info\/villa\/preise\/#primaryimage"},"image":{"@id":"http:\/\/www.villa-maria.info\/villa\/preise\/#primaryimage"},"thumbnailUrl":"http:\/\/www.villa-maria.info\/villa\/wp-content\/uploads\/2018\/03\/Bestpreis.jpg","datePublished":"2025-10-30T14:47:06+00:00","dateModified":"2025-10-30T14:47:07+00:00","breadcrumb":{"@id":"http:\/\/www.villa-maria.info\/villa\/preise\/#breadcrumb"},"inLanguage":"de","potentialAction":[{"@type":"ReadAction","target":["http:\/\/www.villa-maria.info\/villa\/preise\/"]}]},{"@type":"ImageObject","inLanguage":"de","@id":"http:\/\/www.villa-maria.info\/villa\/preise\/#primaryimage","url":"http:\/\/www.villa-maria.info\/villa\/wp-content\/uploads\/2018\/03\/Bestpreis.jpg","contentUrl":"http:\/\/www.villa-maria.info\/villa\/wp-content\/uploads\/2018\/03\/Bestpreis.jpg","width":159,"height":197},{"@type":"BreadcrumbList","@id":"http:\/\/www.villa-maria.info\/villa\/preise\/#breadcrumb","itemListElement":[{"@type":"ListItem","position":1,"name":"Startseite","item":"http:\/\/www.villa-maria.info\/villa\/"},{"@type":"ListItem","position":2,"name":"Preise"}]},{"@type":"WebSite","@id":"http:\/\/www.villa-maria.info\/villa\/#website","url":"http:\/\/www.villa-maria.info\/villa\/","name":"Ferienwohnungen Villa Maria","description":"Traumferien im Meranerland","publisher":{"@id":"http:\/\/www.villa-maria.info\/villa\/#organization"},"potentialAction":[{"@type":"SearchAction","target":{"@type":"EntryPoint","urlTemplate":"http:\/\/www.villa-maria.info\/villa\/?s={search_term_string}"},"query-input":{"@type":"PropertyValueSpecification","valueRequired":true,"valueName":"search_term_string"}}],"inLanguage":"de"},{"@type":"Organization","@id":"http:\/\/www.villa-maria.info\/villa\/#organization","name":"Villa Maria","url":"http:\/\/www.villa-maria.info\/villa\/","logo":{"@type":"ImageObject","inLanguage":"de","@id":"http:\/\/www.villa-maria.info\/villa\/#\/schema\/logo\/image\/","url":"http:\/\/www.villa-maria.info\/villa\/wp-content\/uploads\/2022\/06\/LOGO2.jpg","contentUrl":"http:\/\/www.villa-maria.info\/villa\/wp-content\/uploads\/2022\/06\/LOGO2.jpg","width":411,"height":486,"caption":"Villa Maria"},"image":{"@id":"http:\/\/www.villa-maria.info\/villa\/#\/schema\/logo\/image\/"},"sameAs":["https:\/\/www.facebook.com\/FerienwohnungenVillaMaria","https:\/\/www.instagram.com\/villa_maria1\/"]}]}},"_links":{"self":[{"href":"http:\/\/www.villa-maria.info\/villa\/wp-json\/wp\/v2\/pages\/1817","targetHints":{"allow":["GET"]}}],"collection":[{"href":"http:\/\/www.villa-maria.info\/villa\/wp-json\/wp\/v2\/pages"}],"about":[{"href":"http:\/\/www.villa-maria.info\/villa\/wp-json\/wp\/v2\/types\/page"}],"author":[{"embeddable":true,"href":"http:\/\/www.villa-maria.info\/villa\/wp-json\/wp\/v2\/users\/1"}],"replies":[{"embeddable":true,"href":"http:\/\/www.villa-maria.info\/villa\/wp-json\/wp\/v2\/comments?post=1817"}],"version-history":[{"count":4,"href":"http:\/\/www.villa-maria.info\/villa\/wp-json\/wp\/v2\/pages\/1817\/revisions"}],"predecessor-version":[{"id":2190,"href":"http:\/\/www.villa-maria.info\/villa\/wp-json\/wp\/v2\/pages\/1817\/revisions\/2190"}],"wp:attachment":[{"href":"http:\/\/www.villa-maria.info\/villa\/wp-json\/wp\/v2\/media?parent=1817"}],"curies":[{"name":"wp","href":"https:\/\/api.w.org\/{rel}","templated":true}]}}