{"id":2291,"date":"2026-03-24T15:36:58","date_gmt":"2026-03-24T14:36:58","guid":{"rendered":"http:\/\/www.villa-maria.info\/villa\/?page_id=2291"},"modified":"2026-03-26T13:46:10","modified_gmt":"2026-03-26T12:46:10","slug":"wohnung-xl-fuer-2-personen","status":"publish","type":"page","link":"http:\/\/www.villa-maria.info\/villa\/wohnung-xl-fuer-2-personen\/","title":{"rendered":"Wohnung XL"},"content":{"rendered":"<\/strong><\/figure>\n<figure class=\"wp-block-image size-large\"><strong>Ihr Traumurlaub beginnt hier: Gem\u00fctlichkeit trifft auf modernen Komfort <\/strong><\/figure>\n<p><!-- \/wp:post-content --><\/p>\n<p><!-- wp:paragraph --><\/p>\n<p><!-- \/wp:paragraph --><\/p>\n<p><!-- wp:paragraph --><\/p>\n<p><strong>im Meraner Land !<\/strong><\/p>\n<p><!-- \/wp:paragraph --><\/p>\n<p><!-- wp:paragraph --><\/p>\n<p>Stellen Sie sich vor: Sie treten ein in Ihr <strong>modernes und helles 2-Zimmer-Apartment<\/strong>, das speziell daf\u00fcr geschaffen wurde, Ihnen und Ihrem Partner (oder Ihrer kleinen Familie) einen unvergesslichen Urlaub zu bereiten. Hier wurde an alles gedacht, damit Sie sich vom ersten Moment an wie zu Hause f\u00fchlen \u2013 nur besser!<\/p>\n<p><!-- \/wp:paragraph --><\/p>\n<p><!-- wp:paragraph --><\/p>\n<p><strong>Herzst\u00fcck des Wohlf\u00fchlens: Schlafzimmer &amp; Wohnbereich<\/strong><\/p>\n<p><!-- \/wp:paragraph --><\/p>\n<p><!-- wp:paragraph --><\/p>\n<p>Ein <strong>ger\u00e4umiges Schlafzimmer<\/strong> mit einem kuscheligen <strong>Doppelbett<\/strong> l\u00e4dt zum Tr\u00e4umen und Ausschlafen ein. Daneben erwartet Sie ein offenes, lichtdurchflutetes <strong>Wohnzimmer<\/strong>, das zum geselligen Beisammensein einl\u00e4dt. Der Clou? Eine wundersch\u00f6ne, <strong>voll ausgestattete K\u00fcchenzeile<\/strong> wurde hier nahtlos integriert. Qualit\u00e4t war uns dabei ebenso wichtig wie der Rest der Wohnung \u2013 Sie werden es sp\u00fcren!<\/p>\n<p><!-- \/wp:paragraph --><\/p>\n<p><!-- wp:paragraph --><\/p>\n<p><strong>Kochen mit Genuss: Ihre moderne K\u00fcchenzeile<\/strong><\/p>\n<p><!-- \/wp:paragraph --><\/p>\n<p><!-- wp:paragraph --><\/p>\n<p>In Ihrer K\u00fcche fehlt es an nichts: Ein <strong>K\u00fchlschrank mit Gefrierfach<\/strong>, ein <strong>Elektrokochfeld<\/strong>&nbsp; sind nur der Anfang. Freuen Sie sich auf kleine, aber feine Extras, die den Urlaub noch sch\u00f6ner machen: Eine <strong>Nespresso-Kaffeemaschine<\/strong> f\u00fcr den perfekten Start in den Tag, ein <strong>Toaster<\/strong> f\u00fcr knusprige Br\u00f6tchen und viele weitere technische Ger\u00e4te, die Sie im Urlaub nicht missen m\u00f6chten. Hier macht das gemeinsame Kochen und Genie\u00dfen richtig Spa\u00df!<\/p>\n<p><!-- \/wp:paragraph --><\/p>\n<p><!-- wp:paragraph --><\/p>\n<p><strong>Erfrischende Auszeit: Ihr Badezimmer<\/strong><\/p>\n<p><!-- \/wp:paragraph --><\/p>\n<p><!-- wp:paragraph --><\/p>\n<p>Das <strong>Badezimmer<\/strong> ist eine kleine Wellness-Oase. Es erwartet Sie eine stilvolle <strong>Dusche mit Glaskabine<\/strong>, ein WC und ein modernes Waschbecken. Und keine Sorge um Platz: Zahlreiche <strong>Ablagefl\u00e4chen<\/strong> sorgen f\u00fcr Ordnung und Komfort.<\/p>\n<p><!-- \/wp:paragraph --><\/p>\n<p><!-- wp:paragraph --><\/p>\n<p><strong>Ihr privater R\u00fcckzugsort: Balkon oder Terrasse<\/strong><\/p>\n<p><!-- \/wp:paragraph --><\/p>\n<p><!-- wp:paragraph --><\/p>\n<p>Und das Beste kommt zum Schluss: Entspannen Sie sich auf Ihrem privaten <strong>Balkon oder Ihrer Terrasse<\/strong> und lassen Sie den Blick \u00fcber die charmante Nachbarschaft schweifen. Ob beim Morgenkaffee oder einem Glas Wein am Abend \u2013 hier finden Sie immer einen Moment der Ruhe.<\/p>\n<p><!-- \/wp:paragraph --><\/p>\n<p><!-- wp:paragraph --><\/p>\n<p><strong>Bereit f\u00fcr unvergessliche Tage in Meraner Land ? Wir freuen uns auf Sie!<\/strong><\/p>\n<p><!-- \/wp:paragraph --><\/p>\n<p><!-- wp:separator --><\/p>\n<hr class=\"wp-block-separator has-alpha-channel-opacity\"><!-- \/wp:separator -->\n<p><!-- wp:paragraph --><\/p>\n<p>Zus\u00e4tzlich geh\u00f6rt zur Wohnung ein Stellplatz f\u00fcr Ihren PKW .<\/p>\n<p><!-- \/wp:paragraph --><\/p>\n<p><!-- wp:paragraph --><\/p>\n<p>Daten der Unterkunft :<\/p>\n<p><!-- \/wp:paragraph --><\/p>\n<p><!-- wp:paragraph --><\/p>\n<p>Wohnfl\u00e4che : &nbsp;&nbsp;&nbsp;&nbsp;&nbsp;&nbsp;&nbsp;&nbsp;&nbsp;&nbsp;&nbsp;&nbsp;&nbsp;&nbsp;&nbsp;&nbsp;&nbsp; &nbsp;&nbsp;&nbsp;&nbsp;&nbsp;&nbsp;&nbsp;&nbsp; 50 m<sup>2 <\/sup><\/p>\n<p><!-- \/wp:paragraph --><\/p>\n<p><!-- wp:paragraph --><\/p>\n<p>Wohnzimmer mit Kochnische : &nbsp;&nbsp;&nbsp;&nbsp;&nbsp;&nbsp; 1<\/p>\n<p><!-- \/wp:paragraph --><\/p>\n<p><!-- wp:paragraph --><\/p>\n<p>Schlafzimmer : &nbsp;&nbsp;&nbsp;&nbsp;&nbsp;&nbsp;&nbsp;&nbsp;&nbsp;&nbsp;&nbsp;&nbsp;&nbsp;&nbsp;&nbsp;&nbsp;&nbsp;&nbsp;&nbsp;&nbsp;&nbsp;&nbsp;&nbsp;&nbsp;&nbsp;&nbsp; 1<\/p>\n<p><!-- \/wp:paragraph --><\/p>\n<p><!-- wp:paragraph --><\/p>\n<p>Anzahl der Schlafgelegenheiten : &nbsp;&nbsp; 2<\/p>\n<p><!-- \/wp:paragraph --><\/p>\n<p><!-- wp:paragraph --><\/p>\n<p>Anzahl der B\u00e4der :&nbsp;&nbsp;&nbsp;&nbsp;&nbsp;&nbsp;&nbsp;&nbsp;&nbsp;&nbsp;&nbsp;&nbsp;&nbsp;&nbsp;&nbsp;&nbsp;&nbsp;&nbsp;&nbsp;&nbsp;&nbsp;&nbsp; 1<\/p>\n<p><!-- \/wp:paragraph --><\/p>\n<p><!-- wp:image {\"id\":1595,\"width\":\"674px\",\"height\":\"auto\",\"aspectRatio\":\"1.3333333333333333\",\"scale\":\"cover\",\"sizeSlug\":\"large\",\"linkDestination\":\"none\"} --><\/p>\n<figure class=\"wp-block-image size-large is-resized\"><img fetchpriority=\"high\" decoding=\"async\" width=\"619\" height=\"1024\" class=\"wp-image-1595\" style=\"aspect-ratio: 1.3333333333333333; object-fit: cover; width: 674px; height: auto;\" src=\"http:\/\/www.villa-maria.info\/villa\/wp-content\/uploads\/2023\/07\/Tisch-XL-619x1024.jpg\" alt=\"\" srcset=\"http:\/\/www.villa-maria.info\/villa\/wp-content\/uploads\/2023\/07\/Tisch-XL-619x1024.jpg 619w, http:\/\/www.villa-maria.info\/villa\/wp-content\/uploads\/2023\/07\/Tisch-XL-181x300.jpg 181w, http:\/\/www.villa-maria.info\/villa\/wp-content\/uploads\/2023\/07\/Tisch-XL-768x1270.jpg 768w, http:\/\/www.villa-maria.info\/villa\/wp-content\/uploads\/2023\/07\/Tisch-XL-929x1536.jpg 929w, http:\/\/www.villa-maria.info\/villa\/wp-content\/uploads\/2023\/07\/Tisch-XL-1238x2048.jpg 1238w, http:\/\/www.villa-maria.info\/villa\/wp-content\/uploads\/2023\/07\/Tisch-XL-scaled.jpg 1548w\" sizes=\"(max-width: 619px) 100vw, 619px\" \/><\/figure>\n<p>&nbsp;<\/p>\n<p><img decoding=\"async\" class=\"alignnone size-full wp-image-1627\" src=\"http:\/\/www.villa-maria.info\/villa\/wp-content\/uploads\/2024\/09\/Wohnungzimmer-XL_2940-scaled.jpg\" alt=\"\" width=\"1920\" height=\"2560\" srcset=\"http:\/\/www.villa-maria.info\/villa\/wp-content\/uploads\/2024\/09\/Wohnungzimmer-XL_2940-scaled.jpg 1920w, http:\/\/www.villa-maria.info\/villa\/wp-content\/uploads\/2024\/09\/Wohnungzimmer-XL_2940-225x300.jpg 225w, http:\/\/www.villa-maria.info\/villa\/wp-content\/uploads\/2024\/09\/Wohnungzimmer-XL_2940-768x1024.jpg 768w, http:\/\/www.villa-maria.info\/villa\/wp-content\/uploads\/2024\/09\/Wohnungzimmer-XL_2940-1152x1536.jpg 1152w, http:\/\/www.villa-maria.info\/villa\/wp-content\/uploads\/2024\/09\/Wohnungzimmer-XL_2940-1536x2048.jpg 1536w\" sizes=\"(max-width: 767px) 89vw, (max-width: 1000px) 54vw, (max-width: 1071px) 543px, 580px\" \/><\/p>\n<p><img decoding=\"async\" class=\"alignnone size-full wp-image-1345\" src=\"http:\/\/www.villa-maria.info\/villa\/wp-content\/uploads\/2022\/06\/IMG_0544-2.jpeg\" alt=\"\" width=\"4032\" height=\"3024\" srcset=\"http:\/\/www.villa-maria.info\/villa\/wp-content\/uploads\/2022\/06\/IMG_0544-2.jpeg 4032w, http:\/\/www.villa-maria.info\/villa\/wp-content\/uploads\/2022\/06\/IMG_0544-2-300x225.jpeg 300w, http:\/\/www.villa-maria.info\/villa\/wp-content\/uploads\/2022\/06\/IMG_0544-2-768x576.jpeg 768w, http:\/\/www.villa-maria.info\/villa\/wp-content\/uploads\/2022\/06\/IMG_0544-2-1024x768.jpeg 1024w\" sizes=\"(max-width: 767px) 89vw, (max-width: 1000px) 54vw, (max-width: 1071px) 543px, 580px\" \/><\/p>\n<p><!-- \/wp:image --><\/p>\n<p><!-- \/wp:columns --><\/p>\n<p><!-- wp:gallery {\"linkTo\":\"none\",\"layout\":{\"type\":\"flex\",\"flexWrap\":null}} --><\/p>\n<p><!-- \/wp:gallery --><\/p>\n<p><!-- wp:image {\"id\":1594,\"aspectRatio\":\"3\/2\",\"scale\":\"cover\",\"sizeSlug\":\"large\",\"linkDestination\":\"none\"} --><\/p>\n<figure class=\"wp-block-image size-large\"><img loading=\"lazy\" decoding=\"async\" width=\"882\" height=\"1024\" class=\"wp-image-1594\" style=\"aspect-ratio: 3\/2; object-fit: cover;\" src=\"http:\/\/www.villa-maria.info\/villa\/wp-content\/uploads\/2023\/07\/Balkon2-882x1024.jpg\" alt=\"\" srcset=\"http:\/\/www.villa-maria.info\/villa\/wp-content\/uploads\/2023\/07\/Balkon2-882x1024.jpg 882w, http:\/\/www.villa-maria.info\/villa\/wp-content\/uploads\/2023\/07\/Balkon2-258x300.jpg 258w, http:\/\/www.villa-maria.info\/villa\/wp-content\/uploads\/2023\/07\/Balkon2-768x892.jpg 768w, http:\/\/www.villa-maria.info\/villa\/wp-content\/uploads\/2023\/07\/Balkon2-1323x1536.jpg 1323w, http:\/\/www.villa-maria.info\/villa\/wp-content\/uploads\/2023\/07\/Balkon2-1764x2048.jpg 1764w\" sizes=\"(max-width: 767px) 89vw, (max-width: 1000px) 54vw, (max-width: 1071px) 543px, 580px\" \/><\/figure>\n<p><!-- \/wp:image --><\/p>\n<p><!-- wp:paragraph --><\/p>\n<p><strong>","protected":false},"excerpt":{"rendered":"<p>Ihr Traumurlaub beginnt hier: Gem\u00fctlichkeit trifft auf modernen Komfort im Meraner Land ! Stellen Sie sich vor: Sie treten ein in Ihr modernes und helles 2-Zimmer-Apartment, das speziell daf\u00fcr geschaffen wurde, Ihnen und Ihrem Partner (oder Ihrer kleinen Familie) einen unvergesslichen Urlaub zu bereiten. Hier wurde an alles gedacht, damit Sie sich vom ersten Moment &hellip; <\/p>\n<p class=\"link-more\"><a href=\"http:\/\/www.villa-maria.info\/villa\/wohnung-xl-fuer-2-personen\/\" class=\"more-link\"><span class=\"screen-reader-text\">\u201eWohnung XL\u201c <\/span>weiterlesen<\/a><\/p>\n","protected":false},"author":1,"featured_media":2217,"parent":0,"menu_order":0,"comment_status":"closed","ping_status":"closed","template":"","meta":{"ngg_post_thumbnail":0,"footnotes":""},"class_list":["post-2291","page","type-page","status-publish","has-post-thumbnail","hentry"],"translation":{"provider":"WPGlobus","version":"3.0.2","language":"de","enabled_languages":["de","it","gb"],"languages":{"de":{"title":true,"content":true,"excerpt":false},"it":{"title":false,"content":true,"excerpt":false},"gb":{"title":false,"content":true,"excerpt":false}}},"yoast_head":"<!-- This site is optimized with the Yoast SEO plugin v27.2 - https:\/\/yoast.com\/product\/yoast-seo-wordpress\/ -->\n<title>Wohnung XL - Ferienwohnungen Villa Maria<\/title>\n<meta name=\"robots\" content=\"index, follow, max-snippet:-1, max-image-preview:large, max-video-preview:-1\" \/>\n<link rel=\"canonical\" href=\"http:\/\/www.villa-maria.info\/villa\/wohnung-xl-fuer-2-personen\/\" \/>\n<meta property=\"og:locale\" content=\"de_DE\" \/>\n<meta property=\"og:type\" content=\"article\" \/>\n<meta property=\"og:title\" content=\"Wohnung XL - Ferienwohnungen Villa Maria\" \/>\n<meta property=\"og:url\" content=\"http:\/\/www.villa-maria.info\/villa\/wohnung-xl-fuer-2-personen\/\" \/>\n<meta property=\"og:site_name\" content=\"Ferienwohnungen Villa Maria\" \/>\n<meta property=\"article:publisher\" content=\"https:\/\/www.facebook.com\/FerienwohnungenVillaMaria\" \/>\n<meta property=\"article:modified_time\" content=\"2026-03-26T12:46:10+00:00\" \/>\n<meta property=\"og:image\" content=\"http:\/\/www.villa-maria.info\/villa\/wp-content\/uploads\/2026\/03\/W4-XL.jpg\" \/>\n\t<meta property=\"og:image:width\" content=\"1054\" \/>\n\t<meta property=\"og:image:height\" content=\"918\" \/>\n\t<meta property=\"og:image:type\" content=\"image\/jpeg\" \/>\n<meta name=\"twitter:card\" content=\"summary_large_image\" \/>\n<meta name=\"twitter:label1\" content=\"Gesch\u00e4tzte Lesezeit\" \/>\n\t<meta name=\"twitter:data1\" content=\"9\u00a0Minuten\" \/>\n<script type=\"application\/ld+json\" class=\"yoast-schema-graph\">{\"@context\":\"https:\/\/schema.org\",\"@graph\":[{\"@type\":\"WebPage\",\"@id\":\"http:\/\/www.villa-maria.info\/villa\/wohnung-xl-fuer-2-personen\/\",\"url\":\"http:\/\/www.villa-maria.info\/villa\/wohnung-xl-fuer-2-personen\/\",\"name\":\"Wohnung XL - Ferienwohnungen Villa Maria\",\"isPartOf\":{\"@id\":\"http:\/\/www.villa-maria.info\/villa\/#website\"},\"primaryImageOfPage\":{\"@id\":\"http:\/\/www.villa-maria.info\/villa\/wohnung-xl-fuer-2-personen\/#primaryimage\"},\"image\":{\"@id\":\"http:\/\/www.villa-maria.info\/villa\/wohnung-xl-fuer-2-personen\/#primaryimage\"},\"thumbnailUrl\":\"http:\/\/www.villa-maria.info\/villa\/wp-content\/uploads\/2026\/03\/W4-XL.jpg\",\"datePublished\":\"2026-03-24T14:36:58+00:00\",\"dateModified\":\"2026-03-26T12:46:10+00:00\",\"breadcrumb\":{\"@id\":\"http:\/\/www.villa-maria.info\/villa\/wohnung-xl-fuer-2-personen\/#breadcrumb\"},\"inLanguage\":\"de\",\"potentialAction\":[{\"@type\":\"ReadAction\",\"target\":[\"http:\/\/www.villa-maria.info\/villa\/wohnung-xl-fuer-2-personen\/\"]}]},{\"@type\":\"ImageObject\",\"inLanguage\":\"de\",\"@id\":\"http:\/\/www.villa-maria.info\/villa\/wohnung-xl-fuer-2-personen\/#primaryimage\",\"url\":\"http:\/\/www.villa-maria.info\/villa\/wp-content\/uploads\/2026\/03\/W4-XL.jpg\",\"contentUrl\":\"http:\/\/www.villa-maria.info\/villa\/wp-content\/uploads\/2026\/03\/W4-XL.jpg\",\"width\":1054,\"height\":918},{\"@type\":\"BreadcrumbList\",\"@id\":\"http:\/\/www.villa-maria.info\/villa\/wohnung-xl-fuer-2-personen\/#breadcrumb\",\"itemListElement\":[{\"@type\":\"ListItem\",\"position\":1,\"name\":\"Startseite\",\"item\":\"http:\/\/www.villa-maria.info\/villa\/\"},{\"@type\":\"ListItem\",\"position\":2,\"name\":\"Wohnung XL\"}]},{\"@type\":\"WebSite\",\"@id\":\"http:\/\/www.villa-maria.info\/villa\/#website\",\"url\":\"http:\/\/www.villa-maria.info\/villa\/\",\"name\":\"Ferienwohnungen Villa Maria\",\"description\":\"Traumferien im Meranerland\",\"publisher\":{\"@id\":\"http:\/\/www.villa-maria.info\/villa\/#organization\"},\"potentialAction\":[{\"@type\":\"SearchAction\",\"target\":{\"@type\":\"EntryPoint\",\"urlTemplate\":\"http:\/\/www.villa-maria.info\/villa\/?s={search_term_string}\"},\"query-input\":{\"@type\":\"PropertyValueSpecification\",\"valueRequired\":true,\"valueName\":\"search_term_string\"}}],\"inLanguage\":\"de\"},{\"@type\":\"Organization\",\"@id\":\"http:\/\/www.villa-maria.info\/villa\/#organization\",\"name\":\"Villa Maria\",\"url\":\"http:\/\/www.villa-maria.info\/villa\/\",\"logo\":{\"@type\":\"ImageObject\",\"inLanguage\":\"de\",\"@id\":\"http:\/\/www.villa-maria.info\/villa\/#\/schema\/logo\/image\/\",\"url\":\"http:\/\/www.villa-maria.info\/villa\/wp-content\/uploads\/2022\/06\/LOGO2.jpg\",\"contentUrl\":\"http:\/\/www.villa-maria.info\/villa\/wp-content\/uploads\/2022\/06\/LOGO2.jpg\",\"width\":411,\"height\":486,\"caption\":\"Villa Maria\"},\"image\":{\"@id\":\"http:\/\/www.villa-maria.info\/villa\/#\/schema\/logo\/image\/\"},\"sameAs\":[\"https:\/\/www.facebook.com\/FerienwohnungenVillaMaria\",\"https:\/\/www.instagram.com\/villa_maria1\/\"]}]}<\/script>\n<!-- \/ Yoast SEO plugin. -->","yoast_head_json":{"title":"Wohnung XL - Ferienwohnungen Villa Maria","robots":{"index":"index","follow":"follow","max-snippet":"max-snippet:-1","max-image-preview":"max-image-preview:large","max-video-preview":"max-video-preview:-1"},"canonical":"http:\/\/www.villa-maria.info\/villa\/wohnung-xl-fuer-2-personen\/","og_locale":"de_DE","og_type":"article","og_title":"Wohnung XL - Ferienwohnungen Villa Maria","og_url":"http:\/\/www.villa-maria.info\/villa\/wohnung-xl-fuer-2-personen\/","og_site_name":"Ferienwohnungen Villa Maria","article_publisher":"https:\/\/www.facebook.com\/FerienwohnungenVillaMaria","article_modified_time":"2026-03-26T12:46:10+00:00","og_image":[{"width":1054,"height":918,"url":"http:\/\/www.villa-maria.info\/villa\/wp-content\/uploads\/2026\/03\/W4-XL.jpg","type":"image\/jpeg"}],"twitter_card":"summary_large_image","twitter_misc":{"Gesch\u00e4tzte Lesezeit":"9\u00a0Minuten"},"schema":{"@context":"https:\/\/schema.org","@graph":[{"@type":"WebPage","@id":"http:\/\/www.villa-maria.info\/villa\/wohnung-xl-fuer-2-personen\/","url":"http:\/\/www.villa-maria.info\/villa\/wohnung-xl-fuer-2-personen\/","name":"Wohnung XL - Ferienwohnungen Villa Maria","isPartOf":{"@id":"http:\/\/www.villa-maria.info\/villa\/#website"},"primaryImageOfPage":{"@id":"http:\/\/www.villa-maria.info\/villa\/wohnung-xl-fuer-2-personen\/#primaryimage"},"image":{"@id":"http:\/\/www.villa-maria.info\/villa\/wohnung-xl-fuer-2-personen\/#primaryimage"},"thumbnailUrl":"http:\/\/www.villa-maria.info\/villa\/wp-content\/uploads\/2026\/03\/W4-XL.jpg","datePublished":"2026-03-24T14:36:58+00:00","dateModified":"2026-03-26T12:46:10+00:00","breadcrumb":{"@id":"http:\/\/www.villa-maria.info\/villa\/wohnung-xl-fuer-2-personen\/#breadcrumb"},"inLanguage":"de","potentialAction":[{"@type":"ReadAction","target":["http:\/\/www.villa-maria.info\/villa\/wohnung-xl-fuer-2-personen\/"]}]},{"@type":"ImageObject","inLanguage":"de","@id":"http:\/\/www.villa-maria.info\/villa\/wohnung-xl-fuer-2-personen\/#primaryimage","url":"http:\/\/www.villa-maria.info\/villa\/wp-content\/uploads\/2026\/03\/W4-XL.jpg","contentUrl":"http:\/\/www.villa-maria.info\/villa\/wp-content\/uploads\/2026\/03\/W4-XL.jpg","width":1054,"height":918},{"@type":"BreadcrumbList","@id":"http:\/\/www.villa-maria.info\/villa\/wohnung-xl-fuer-2-personen\/#breadcrumb","itemListElement":[{"@type":"ListItem","position":1,"name":"Startseite","item":"http:\/\/www.villa-maria.info\/villa\/"},{"@type":"ListItem","position":2,"name":"Wohnung XL"}]},{"@type":"WebSite","@id":"http:\/\/www.villa-maria.info\/villa\/#website","url":"http:\/\/www.villa-maria.info\/villa\/","name":"Ferienwohnungen Villa Maria","description":"Traumferien im Meranerland","publisher":{"@id":"http:\/\/www.villa-maria.info\/villa\/#organization"},"potentialAction":[{"@type":"SearchAction","target":{"@type":"EntryPoint","urlTemplate":"http:\/\/www.villa-maria.info\/villa\/?s={search_term_string}"},"query-input":{"@type":"PropertyValueSpecification","valueRequired":true,"valueName":"search_term_string"}}],"inLanguage":"de"},{"@type":"Organization","@id":"http:\/\/www.villa-maria.info\/villa\/#organization","name":"Villa Maria","url":"http:\/\/www.villa-maria.info\/villa\/","logo":{"@type":"ImageObject","inLanguage":"de","@id":"http:\/\/www.villa-maria.info\/villa\/#\/schema\/logo\/image\/","url":"http:\/\/www.villa-maria.info\/villa\/wp-content\/uploads\/2022\/06\/LOGO2.jpg","contentUrl":"http:\/\/www.villa-maria.info\/villa\/wp-content\/uploads\/2022\/06\/LOGO2.jpg","width":411,"height":486,"caption":"Villa Maria"},"image":{"@id":"http:\/\/www.villa-maria.info\/villa\/#\/schema\/logo\/image\/"},"sameAs":["https:\/\/www.facebook.com\/FerienwohnungenVillaMaria","https:\/\/www.instagram.com\/villa_maria1\/"]}]}},"_links":{"self":[{"href":"http:\/\/www.villa-maria.info\/villa\/wp-json\/wp\/v2\/pages\/2291","targetHints":{"allow":["GET"]}}],"collection":[{"href":"http:\/\/www.villa-maria.info\/villa\/wp-json\/wp\/v2\/pages"}],"about":[{"href":"http:\/\/www.villa-maria.info\/villa\/wp-json\/wp\/v2\/types\/page"}],"author":[{"embeddable":true,"href":"http:\/\/www.villa-maria.info\/villa\/wp-json\/wp\/v2\/users\/1"}],"replies":[{"embeddable":true,"href":"http:\/\/www.villa-maria.info\/villa\/wp-json\/wp\/v2\/comments?post=2291"}],"version-history":[{"count":73,"href":"http:\/\/www.villa-maria.info\/villa\/wp-json\/wp\/v2\/pages\/2291\/revisions"}],"predecessor-version":[{"id":2452,"href":"http:\/\/www.villa-maria.info\/villa\/wp-json\/wp\/v2\/pages\/2291\/revisions\/2452"}],"wp:featuredmedia":[{"embeddable":true,"href":"http:\/\/www.villa-maria.info\/villa\/wp-json\/wp\/v2\/media\/2217"}],"wp:attachment":[{"href":"http:\/\/www.villa-maria.info\/villa\/wp-json\/wp\/v2\/media?parent=2291"}],"curies":[{"name":"wp","href":"https:\/\/api.w.org\/{rel}","templated":true}]}}